{"id":2645,"date":"2021-01-05T10:25:22","date_gmt":"2021-01-05T09:25:22","guid":{"rendered":"https:\/\/www.ego-3d.de\/modellbau\/?page_id=2645"},"modified":"2021-01-05T12:18:02","modified_gmt":"2021-01-05T11:18:02","slug":"gedenktafeln","status":"publish","type":"page","link":"https:\/\/www.ego-3d.de\/modellbau\/gedenktafeln\/","title":{"rendered":"Landingpage Gedenktafeln"},"content":{"rendered":"\n\n\n[et_pb_section fb_built=&#8220;1&#8243; _builder_version=&#8220;4.6.1&#8243; _module_preset=&#8220;default&#8220; background_color=&#8220;rgba(255,255,255,0)&#8220; hover_enabled=&#8220;0&#8243; sticky_enabled=&#8220;0&#8243;][et_pb_row _builder_version=&#8220;4.6.1&#8243; _module_preset=&#8220;default&#8220;][et_pb_column _builder_version=&#8220;4.6.1&#8243; _module_preset=&#8220;default&#8220; type=&#8220;4_4&#8243;][et_pb_text _builder_version=&#8220;4.6.1&#8243; _module_preset=&#8220;default&#8220; hover_enabled=&#8220;0&#8243; sticky_enabled=&#8220;0&#8243;]<h1><strong>Gedenktafeln<\/strong> &#8211; Kunst und Handwerk f\u00fcr unser geschichtliches Bewusstsein<\/h1>\n[\/et_pb_text][\/et_pb_column][\/et_pb_row][et_pb_row _builder_version=&#8220;4.6.1&#8243; _module_preset=&#8220;default&#8220; column_structure=&#8220;1_2,1_2&#8243; background_color=&#8220;rgba(255,255,255,0.65)&#8220; custom_margin=&#8220;||15px||false|false&#8220; custom_padding=&#8220;15px|15px|15px|15px|false|false&#8220;][et_pb_column _builder_version=&#8220;4.6.1&#8243; _module_preset=&#8220;default&#8220; type=&#8220;1_2&#8243;][et_pb_text _builder_version=&#8220;4.6.1&#8243; _module_preset=&#8220;default&#8220; hover_enabled=&#8220;0&#8243; sticky_enabled=&#8220;0&#8243;]<p style=\"text-align: justify;\">Gedenk- und Mahntafeln erinnern den Betrachter an Menschen oder Geschehnisse, die f\u00fcr unser geschichtliches Bewusstsein gro\u00dfe Bedeutung haben. Niemand kann sich an jedes Einzelereignis der Vergangenheit erinnern und somit helfen uns Gedenktafeln dabei.<\/p>\n<p style=\"text-align: justify;\">Das Gedenken an vergangene Ereignisse wird oft mit Worten festgehalten, aber nicht selten auch mit Symbolen und Bildreliefs unterst\u00fctzt. Die technischen und k\u00fcnstlerischen Kompetenzen von EGO3D erm\u00f6glichen hierbei nahezu jedes Konzept in eine sehenswerte und hochwertige Gedenk-, Erinnerungs- oder Mahntafel umzusetzen. Insbesondere bei der Ausf\u00fchrung der bildlichen Elemente k\u00f6nnen wir Ihnen mit jahrelanger Erfahrung dienen. von einfachen grafischen Abbildungen bis hin zu Portraitreliefs und ganzen Bildszenen ist alles m\u00f6glich. Ein Blick auf unseren Bereich <a href=\"https:\/\/www.ego-3d.de\/modellbau\/reliefs-und-schrifttafeln\/\">&#8222;Reliefs und Schrifttafeln&#8220;<\/a> gibt Ihnen einen Eindruck von einigen unserer Projekte. Und wenn Sie sich f\u00fcr unsere moderne Herangehensweise an den k\u00fcnstlerischen Modellbau interessieren, finden Sie unter <a href=\"https:\/\/www.ego-3d.de\/modellbau\/3d-technik\/\">&#8222;3D-Technik&#8220;<\/a> alle wichtigen Informationen.<\/p>\n<p style=\"text-align: justify;\">Unser Leistung\u00fcberblick:<\/p>\n<ul>\n<li style=\"text-align: justify;\">Alle erdenklichen Gr\u00f6\u00dfen und Formen<\/li>\n<li style=\"text-align: justify;\">Unz\u00e4hlige Schriftarten m\u00f6glich<\/li>\n<li style=\"text-align: justify;\">Rekonstruktion alter Schriftarten<\/li>\n<li style=\"text-align: justify;\">Reliefs aller Art, egal wie kompliziert<\/li>\n<li style=\"text-align: justify;\">Als Vorlage reicht ein Foto, eine Zeichnung oder ein schriftliches Konzept<\/li>\n<li style=\"text-align: justify;\">Bei Bedarf \u00fcbernehmen wir die Konzeption<\/li>\n<li style=\"text-align: justify;\">Vorschaubilder, damit Sie das Ergebnis pr\u00fcfen und \u00c4nderungsw\u00fcnsche einbringen k\u00f6nnen<\/li>\n<li style=\"text-align: justify;\">Alles aus einer Hand, wir \u00fcbernehmen auch den Kontakt zur Gie\u00dferei<\/li>\n<\/ul>\n<p style=\"text-align: justify;\">Ihrem Zweck entsprechend werden Gedenktafeln meist in Bronze oder anderen Metallen gegossen, um eine maximale Haltbarkeit zu erreichen. Schlie\u00dflich soll die Erinnerung nicht selbst nach ein paar Jahrzehnten unleserlich werden. Durch unsere Kooperation mit zahlreichen Gie\u00dfereien in ganz Deutschland k\u00f6nnen wir Ihre Gedenktafel f\u00fcr Sie gie\u00dfen lassen. Die Abstimmung mit der Gie\u00dferei \u00fcbernehmen wir gerne f\u00fcr Sie. Wir kennen die Anforderungen der Gie\u00dfereien an das Gussmodell einer Gedenktafel und k\u00f6nnen daher Ihr Projekt bis zum letzten Schritt betreuen.<\/p>\n<p style=\"text-align: justify;\">Haben Sie noch Fragen oder m\u00f6chten Ihr Projekt mit uns besprechen. Dann freuen wir uns auf Ihre Anfrage:<\/p>\n[\/et_pb_text][et_pb_button button_url=&#8220;https:\/\/www.ego-3d.de\/modellbau\/kontakt\/&#8220; button_text=&#8220;Individuelle Anfrage&#8220; button_alignment=&#8220;center&#8220; _builder_version=&#8220;4.6.1&#8243; custom_button=&#8220;on&#8220; button_text_size=&#8220;18px&#8220; button_text_color=&#8220;#ffffff&#8220; button_bg_color=&#8220;rgba(112,162,193,0.89)&#8220; button_border_width=&#8220;3px&#8220; button_border_color=&#8220;#bce4ff&#8220; button_border_radius=&#8220;8px&#8220; button_font=&#8220;||||||||&#8220; button_icon=&#8220;%%24%%&#8220; custom_padding=&#8220;2px||2px||false|false&#8220; button_text_shadow_style=&#8220;preset3&#8243; button_text_shadow_blur_strength=&#8220;0.1em&#8220; button_text_shadow_color=&#8220;#000000&#8243; box_shadow_style=&#8220;preset1&#8243; box_shadow_vertical=&#8220;0px&#8220; box_shadow_blur=&#8220;2px&#8220; box_shadow_spread=&#8220;2px&#8220; box_shadow_color=&#8220;#6b6b6b&#8220; button_text_color_hover=&#8220;#ffffff&#8220; button_border_color_hover=&#8220;#ffffff&#8220; button_letter_spacing_hover=&#8220;0&#8243; button_text_size__hover_enabled=&#8220;off&#8220; button_one_text_size__hover_enabled=&#8220;off&#8220; button_two_text_size__hover_enabled=&#8220;off&#8220; button_text_color__hover_enabled=&#8220;on&#8220; button_text_color__hover=&#8220;#ffffff&#8220; button_one_text_color__hover_enabled=&#8220;off&#8220; button_two_text_color__hover_enabled=&#8220;off&#8220; button_border_width__hover_enabled=&#8220;off&#8220; button_one_border_width__hover_enabled=&#8220;off&#8220; button_two_border_width__hover_enabled=&#8220;off&#8220; button_border_color__hover_enabled=&#8220;on&#8220; button_border_color__hover=&#8220;#ffffff&#8220; button_one_border_color__hover_enabled=&#8220;off&#8220; button_two_border_color__hover_enabled=&#8220;off&#8220; button_border_radius__hover_enabled=&#8220;off&#8220; button_one_border_radius__hover_enabled=&#8220;off&#8220; button_two_border_radius__hover_enabled=&#8220;off&#8220; button_letter_spacing__hover_enabled=&#8220;on&#8220; button_letter_spacing__hover=&#8220;0&#8243; button_one_letter_spacing__hover_enabled=&#8220;off&#8220; button_two_letter_spacing__hover_enabled=&#8220;off&#8220; button_bg_color__hover_enabled=&#8220;off&#8220; button_one_bg_color__hover_enabled=&#8220;off&#8220; button_two_bg_color__hover_enabled=&#8220;off&#8220; global_module=&#8220;1148&#8243;][\/et_pb_button][et_pb_image src=&#8220;https:\/\/www.ego-3d.de\/modellbau\/wp-content\/uploads\/2020\/07\/EGO3D-Vorschaubilder_Cronenberger_Schrifttafeln_f\u00fcr_Denkmal.jpg&#8220; _builder_version=&#8220;4.6.1&#8243; _module_preset=&#8220;default&#8220; title_text=&#8220;EGO3D-Vorschaubilder_Cronenberger_Schrifttafeln_f\u00fcr_Denkmal&#8220; hover_enabled=&#8220;0&#8243; sticky_enabled=&#8220;0&#8243; box_shadow_style=&#8220;preset1&#8243; box_shadow_vertical=&#8220;0px&#8220; box_shadow_blur=&#8220;10px&#8220; box_shadow_spread=&#8220;2px&#8220; custom_margin=&#8220;||15px||false|false&#8220;][\/et_pb_image][et_pb_text _builder_version=&#8220;4.6.1&#8243; _module_preset=&#8220;default&#8220; hover_enabled=&#8220;0&#8243; sticky_enabled=&#8220;0&#8243;]<p style=\"text-align: justify;\"><em>Dies sind zwei von insgesamt 22 Gedenktafeln, die wir f\u00fcr Denkmal f\u00fcr Weltkriegstote in Wuppertal-Cronenberg anhand von Fotos rekonstruierten. Die Originale waren gestohlen worden. Die Schrift machten wir als digitalen Schriftsatz nutzbar.<br \/> <\/em><\/p>\n[\/et_pb_text][et_pb_image src=&#8220;https:\/\/www.ego-3d.de\/modellbau\/wp-content\/uploads\/2020\/07\/EGO3D_altes_Foto_Cronenberger_Denkmal.jpg&#8220; _builder_version=&#8220;4.6.1&#8243; _module_preset=&#8220;default&#8220; title_text=&#8220;EGO3D_altes_Foto_Cronenberger_Denkmal&#8220; sticky_enabled=&#8220;0&#8243; box_shadow_style=&#8220;preset1&#8243; box_shadow_vertical=&#8220;0px&#8220; box_shadow_blur=&#8220;10px&#8220; box_shadow_spread=&#8220;2px&#8220; custom_margin=&#8220;||15px||false|false&#8220;][\/et_pb_image][et_pb_text _builder_version=&#8220;4.6.1&#8243; _module_preset=&#8220;default&#8220; hover_enabled=&#8220;0&#8243; sticky_enabled=&#8220;0&#8243;]<p style=\"text-align: justify;\"><em>Das Denkmal in Wuppertal mit den urspr\u00fcnglichen Tafeln<br \/> <\/em><\/p>\n[\/et_pb_text][\/et_pb_column][et_pb_column _builder_version=&#8220;4.6.1&#8243; _module_preset=&#8220;default&#8220; type=&#8220;1_2&#8243;][et_pb_image src=&#8220;https:\/\/www.ego-3d.de\/modellbau\/wp-content\/uploads\/2020\/07\/EGO3D_Vorlagen_f\u00fcr_drei_Gedenktafeln.jpg&#8220; _builder_version=&#8220;4.6.1&#8243; _module_preset=&#8220;default&#8220; title_text=&#8220;EGO3D_Vorlagen_f\u00fcr_drei_Gedenktafeln&#8220; sticky_enabled=&#8220;0&#8243; box_shadow_style=&#8220;preset1&#8243; box_shadow_vertical=&#8220;0px&#8220; box_shadow_blur=&#8220;10px&#8220; box_shadow_spread=&#8220;2px&#8220; custom_margin=&#8220;||15px||false|false&#8220;][\/et_pb_image][et_pb_text _builder_version=&#8220;4.6.1&#8243; _module_preset=&#8220;default&#8220; hover_enabled=&#8220;0&#8243; sticky_enabled=&#8220;0&#8243;]<p style=\"text-align: justify;\"><em>F\u00fcr drei Gedenktafeln f\u00fcr Opfer der Euthanasie im dritten Reich bekamen wir von unserem Auftraggeber Collagen, Zeichnungen und manuell gesetzte Schriftbl\u00f6cke. Lagenweise brachten wir diese Bildinformationen in unseren Modellen auf und erm\u00f6glichten so, diese expressive Umsetzung der Gedenktafeln in Bronze zu erm\u00f6glichen.<\/em><\/p>\n[\/et_pb_text][et_pb_image src=&#8220;https:\/\/www.ego-3d.de\/modellbau\/wp-content\/uploads\/2020\/07\/EGO3D_Vorschau_drei_Gedenktafeln.jpg&#8220; _builder_version=&#8220;4.6.1&#8243; _module_preset=&#8220;default&#8220; title_text=&#8220;EGO3D_Vorschau_drei_Gedenktafeln&#8220; sticky_enabled=&#8220;0&#8243; box_shadow_style=&#8220;preset1&#8243; box_shadow_vertical=&#8220;0px&#8220; box_shadow_blur=&#8220;10px&#8220; box_shadow_spread=&#8220;2px&#8220; custom_margin=&#8220;||15px||false|false&#8220;][\/et_pb_image][et_pb_text _builder_version=&#8220;4.6.1&#8243; _module_preset=&#8220;default&#8220; hover_enabled=&#8220;0&#8243; sticky_enabled=&#8220;0&#8243;]<p style=\"text-align: justify;\"><em>Die gro\u00dfe Herausforderung war, die einzelnen Bildelemente sichtbar und sehenswert zu gestalten, und dennoch die dar\u00fcbergelegte Schrift leserlich umzusetzen. Das erreichten wir, indem wir die Schrift dem unebenen Reliefuntergrund Buchstabe f\u00fcr Buchstabe anpassten.<\/em> <\/p>\n[\/et_pb_text][et_pb_image src=&#8220;https:\/\/www.ego-3d.de\/modellbau\/wp-content\/uploads\/2020\/07\/EGO3D_Fr\u00e4sergebnis_Detailbereich_drei_Gedenktafel.jpg&#8220; _builder_version=&#8220;4.6.1&#8243; _module_preset=&#8220;default&#8220; title_text=&#8220;EGO3D_Fr\u00e4sergebnis_Detailbereich_drei_Gedenktafel&#8220; sticky_enabled=&#8220;0&#8243; box_shadow_style=&#8220;preset1&#8243; box_shadow_vertical=&#8220;0px&#8220; box_shadow_blur=&#8220;10px&#8220; box_shadow_spread=&#8220;2px&#8220; custom_margin=&#8220;||15px||false|false&#8220;][\/et_pb_image][et_pb_text _builder_version=&#8220;4.6.1&#8243; _module_preset=&#8220;default&#8220; hover_enabled=&#8220;0&#8243; sticky_enabled=&#8220;0&#8243;]<p><em>Detailansicht des expressiven Reliefs<\/em><\/p>\n[\/et_pb_text][et_pb_image src=&#8220;https:\/\/www.ego-3d.de\/modellbau\/wp-content\/uploads\/2018\/07\/gedenkplatte2.jpg&#8220; _builder_version=&#8220;4.6.1&#8243; _module_preset=&#8220;default&#8220; title_text=&#8220;EGO3D_Gedenkplatte2&#8243; sticky_enabled=&#8220;0&#8243; box_shadow_style=&#8220;preset1&#8243; box_shadow_vertical=&#8220;0px&#8220; box_shadow_blur=&#8220;10px&#8220; box_shadow_spread=&#8220;2px&#8220; custom_margin=&#8220;||15px||false|false&#8220;][\/et_pb_image][et_pb_text _builder_version=&#8220;4.6.1&#8243; _module_preset=&#8220;default&#8220; hover_enabled=&#8220;0&#8243; sticky_enabled=&#8220;0&#8243;]<p style=\"text-align: justify;\"><em>Die Vorlage war eine Schwarzwei\u00df-Zeichnung. Anhand dieser Vorlage und einem vorgegebenen Text modellierten wir die Gedenktafel mit dem Relief.<\/em><\/p>\n[\/et_pb_text][et_pb_image src=&#8220;https:\/\/www.ego-3d.de\/modellbau\/wp-content\/uploads\/2021\/01\/EGO3D_Besondere_Schriftsysteme_und_Blindenschrift.jpg&#8220; _builder_version=&#8220;4.6.1&#8243; _module_preset=&#8220;default&#8220; title_text=&#8220;EGO3D_Besondere_Schriftsysteme_und_Blindenschrift&#8220; sticky_enabled=&#8220;0&#8243; box_shadow_style=&#8220;preset1&#8243; box_shadow_vertical=&#8220;0px&#8220; box_shadow_blur=&#8220;10px&#8220; box_shadow_spread=&#8220;2px&#8220; custom_margin=&#8220;||15px||false|false&#8220;][\/et_pb_image][et_pb_text _builder_version=&#8220;4.6.1&#8243; _module_preset=&#8220;default&#8220; hover_enabled=&#8220;0&#8243; sticky_enabled=&#8220;0&#8243;]<p style=\"text-align: justify;\">Auch andere Schriftsysteme lassen sich umsetzen, wie z.B. Hebr\u00e4isch, Japanisch oder Arabisch. Selbst das Blindenschriftsystem Braille ist in Gedenktafeln integrierbar. Hierbei achten wir selbstverst\u00e4ndlich auf die entsprechende DIN-Norm, um die Lesbarkeit zu gew\u00e4hrleisten.<\/p>\n[\/et_pb_text][et_pb_image src=&#8220;https:\/\/www.ego-3d.de\/modellbau\/wp-content\/uploads\/2021\/01\/EGO3D_Beispiel_f\u00fcr_Vorschaubilder_f\u00fcr_den_Kunden.jpg&#8220; _builder_version=&#8220;4.6.1&#8243; _module_preset=&#8220;default&#8220; title_text=&#8220;EGO3D_Beispiel_f\u00fcr_Vorschaubilder_f\u00fcr_den_Kunden&#8220; sticky_enabled=&#8220;0&#8243; box_shadow_style=&#8220;preset1&#8243; box_shadow_vertical=&#8220;0px&#8220; box_shadow_blur=&#8220;10px&#8220; box_shadow_spread=&#8220;2px&#8220; custom_margin=&#8220;||15px||false|false&#8220;][\/et_pb_image][et_pb_text _builder_version=&#8220;4.6.1&#8243; _module_preset=&#8220;default&#8220; hover_enabled=&#8220;0&#8243; sticky_enabled=&#8220;0&#8243;]<p style=\"text-align: justify;\">Vor der Fertigung des Gussmodells einer Gedenktafel liefern wir unseren Kunden grunds\u00e4tzlich Vorschaubilder, damit sie das Ergebnis pr\u00fcfen und gegebenenfalls \u00c4nderungsw\u00fcnsche einbringen k\u00f6nnen.<\/p>\n[\/et_pb_text][\/et_pb_column][\/et_pb_row][\/et_pb_section]\n\n\n","protected":false},"excerpt":{"rendered":"<p>Gedenktafeln &#8211; Kunst und Handwerk f\u00fcr unser geschichtliches Bewusstsein Gedenk- und Mahntafeln erinnern den Betrachter an Menschen oder Geschehnisse, die f\u00fcr unser geschichtliches Bewusstsein gro\u00dfe Bedeutung haben. Niemand kann sich an jedes Einzelereignis der Vergangenheit erinnern und somit helfen uns Gedenktafeln dabei. Das Gedenken an vergangene Ereignisse wird oft mit Worten festgehalten, aber nicht selten [&hellip;]<\/p>\n","protected":false},"author":1,"featured_media":0,"parent":0,"menu_order":0,"comment_status":"closed","ping_status":"closed","template":"","meta":{"_et_pb_use_builder":"on","_et_pb_old_content":"","_et_gb_content_width":""},"_links":{"self":[{"href":"https:\/\/www.ego-3d.de\/modellbau\/wp-json\/wp\/v2\/pages\/2645"}],"collection":[{"href":"https:\/\/www.ego-3d.de\/modellbau\/wp-json\/wp\/v2\/pages"}],"about":[{"href":"https:\/\/www.ego-3d.de\/modellbau\/wp-json\/wp\/v2\/types\/page"}],"author":[{"embeddable":true,"href":"https:\/\/www.ego-3d.de\/modellbau\/wp-json\/wp\/v2\/users\/1"}],"replies":[{"embeddable":true,"href":"https:\/\/www.ego-3d.de\/modellbau\/wp-json\/wp\/v2\/comments?post=2645"}],"version-history":[{"count":5,"href":"https:\/\/www.ego-3d.de\/modellbau\/wp-json\/wp\/v2\/pages\/2645\/revisions"}],"predecessor-version":[{"id":2658,"href":"https:\/\/www.ego-3d.de\/modellbau\/wp-json\/wp\/v2\/pages\/2645\/revisions\/2658"}],"wp:attachment":[{"href":"https:\/\/www.ego-3d.de\/modellbau\/wp-json\/wp\/v2\/media?parent=2645"}],"curies":[{"name":"wp","href":"https:\/\/api.w.org\/{rel}","templated":true}]}}