{"id":2445,"date":"2020-10-15T14:55:52","date_gmt":"2020-10-15T12:55:52","guid":{"rendered":"https:\/\/www.ego-3d.de\/modellbau\/?page_id=2445"},"modified":"2023-01-13T15:53:57","modified_gmt":"2023-01-13T14:53:57","slug":"3d-druck-und-cnc-fraesen","status":"publish","type":"page","link":"https:\/\/www.ego-3d.de\/modellbau\/3d-druck-und-cnc-fraesen\/","title":{"rendered":"3D-Druck und CNC-Fr\u00e4sen"},"content":{"rendered":"<p>[et_pb_section fb_built=&#8220;1&#8243; _builder_version=&#8220;4.16&#8243; _module_preset=&#8220;default&#8220; background_color=&#8220;rgba(255,255,255,0)&#8220; global_colors_info=&#8220;{}&#8220;][et_pb_row _builder_version=&#8220;4.16&#8243; _module_preset=&#8220;default&#8220; custom_padding=&#8220;10px||15px||false|false&#8220; global_colors_info=&#8220;{}&#8220;][et_pb_column type=&#8220;4_4&#8243; _builder_version=&#8220;4.16&#8243; _module_preset=&#8220;default&#8220; global_colors_info=&#8220;{}&#8220;][et_pb_text _builder_version=&#8220;4.16&#8243; _module_preset=&#8220;default&#8220; global_colors_info=&#8220;{}&#8220;]<\/p>\n<h1 style=\"text-align: center;\"><strong>3D-Druck und CNC-Fr\u00e4sen<\/strong> &#8211; Moderne Technik trifft Kunst<\/h1>\n<p>[\/et_pb_text][\/et_pb_column][\/et_pb_row][et_pb_row _builder_version=&#8220;4.16&#8243; _module_preset=&#8220;default&#8220; custom_margin=&#8220;||||false|false&#8220; custom_padding=&#8220;10px||0px||false|false&#8220; global_colors_info=&#8220;{}&#8220;][et_pb_column type=&#8220;4_4&#8243; _builder_version=&#8220;4.16&#8243; _module_preset=&#8220;default&#8220; global_colors_info=&#8220;{}&#8220;][et_pb_image src=&#8220;https:\/\/www.ego-3d.de\/modellbau\/wp-content\/uploads\/2023\/01\/EGO3D_fertiger_3D-Druck_im_Bauraum_header.jpg&#8220; title_text=&#8220;EGO3D_fertiger_3D-Druck_im_Bauraum_header&#8220; _builder_version=&#8220;4.19.4&#8243; _module_preset=&#8220;default&#8220; global_colors_info=&#8220;{}&#8220;][\/et_pb_image][\/et_pb_column][\/et_pb_row][et_pb_row column_structure=&#8220;1_3,1_3,1_3&#8243; _builder_version=&#8220;4.16&#8243; _module_preset=&#8220;default&#8220; background_color=&#8220;rgba(255,255,255,0.65)&#8220; custom_padding=&#8220;15px|15px|15px|15px|false|false&#8220; global_colors_info=&#8220;{}&#8220;][et_pb_column type=&#8220;1_3&#8243; _builder_version=&#8220;4.16&#8243; _module_preset=&#8220;default&#8220; global_colors_info=&#8220;{}&#8220;][et_pb_image src=&#8220;https:\/\/www.ego-3d.de\/modellbau\/wp-content\/uploads\/2020\/10\/EGO3D_gro\u00dfes_Druckteil_im_Druckraum.jpg&#8220; title_text=&#8220;EGO3D_gro\u00dfes_Druckteil_im_Druckraum&#8220; _builder_version=&#8220;4.16&#8243; _module_preset=&#8220;default&#8220; custom_margin=&#8220;||10px||false|false&#8220; box_shadow_style=&#8220;preset1&#8243; box_shadow_vertical=&#8220;0px&#8220; box_shadow_blur=&#8220;10px&#8220; box_shadow_spread=&#8220;2px&#8220; global_colors_info=&#8220;{}&#8220;][\/et_pb_image][et_pb_text _builder_version=&#8220;4.16&#8243; _module_preset=&#8220;default&#8220; global_colors_info=&#8220;{}&#8220;]<\/p>\n<p style=\"text-align: justify;\"><em>Der Oberk\u00f6rper einer Statue ist fertig geworden<\/em><\/p>\n<p>[\/et_pb_text][et_pb_image src=&#8220;https:\/\/www.ego-3d.de\/modellbau\/wp-content\/uploads\/2020\/10\/EGO3D_Men\u00fcbild_3D-Druck.jpg&#8220; title_text=&#8220;EGO3D_Men\u00fcbild_3D-Druck&#8220; _builder_version=&#8220;4.16&#8243; _module_preset=&#8220;default&#8220; custom_margin=&#8220;||10px||false|false&#8220; box_shadow_style=&#8220;preset1&#8243; box_shadow_vertical=&#8220;0px&#8220; box_shadow_blur=&#8220;10px&#8220; box_shadow_spread=&#8220;2px&#8220; global_colors_info=&#8220;{}&#8220;][\/et_pb_image][et_pb_text _builder_version=&#8220;4.16&#8243; _module_preset=&#8220;default&#8220; global_colors_info=&#8220;{}&#8220;]<\/p>\n<p style=\"text-align: justify;\"><em>Stibilit\u00e4t f\u00f6rdernde Innenstruktur beim FDM-Drucktechnik<br \/> <\/em><\/p>\n<p>[\/et_pb_text][et_pb_image src=&#8220;https:\/\/www.ego-3d.de\/modellbau\/wp-content\/uploads\/2020\/07\/EGO3D_Bauteile_gestaffelt_im_3D-Drucker.jpg&#8220; title_text=&#8220;EGO3D_Bauteile_gestaffelt_im_3D-Drucker&#8220; _builder_version=&#8220;4.16&#8243; _module_preset=&#8220;default&#8220; custom_margin=&#8220;||10px||false|false&#8220; box_shadow_style=&#8220;preset1&#8243; box_shadow_vertical=&#8220;0px&#8220; box_shadow_blur=&#8220;10px&#8220; box_shadow_spread=&#8220;2px&#8220; global_colors_info=&#8220;{}&#8220;][\/et_pb_image][et_pb_text _builder_version=&#8220;4.16&#8243; _module_preset=&#8220;default&#8220; global_colors_info=&#8220;{}&#8220;]<\/p>\n<p style=\"text-align: justify;\"><em>Einzelteile eines Stadtmodells im SLA-Druck<br \/> <\/em><\/p>\n<p>[\/et_pb_text][et_pb_image src=&#8220;https:\/\/www.ego-3d.de\/modellbau\/wp-content\/uploads\/2020\/09\/EGO3D_Flechten-Struktur_ein_Druckteil_von_400.jpg&#8220; title_text=&#8220;EGO3D_Flechten-Struktur_ein_Druckteil_von_400&#8243; _builder_version=&#8220;4.16&#8243; _module_preset=&#8220;default&#8220; custom_margin=&#8220;||10px||false|false&#8220; box_shadow_style=&#8220;preset1&#8243; box_shadow_vertical=&#8220;0px&#8220; box_shadow_blur=&#8220;10px&#8220; box_shadow_spread=&#8220;2px&#8220; global_colors_info=&#8220;{}&#8220;][\/et_pb_image][et_pb_text _builder_version=&#8220;4.16&#8243; _module_preset=&#8220;default&#8220; global_colors_info=&#8220;{}&#8220;]<\/p>\n<p style=\"text-align: justify;\"><em>Eines von mehreren hundert Einzelteilen eines gigantischen Kunstwerkes im Auftrag des K\u00fcnstlers wird aus dem Drucker geholt<br \/> <\/em><\/p>\n<p>[\/et_pb_text][\/et_pb_column][et_pb_column type=&#8220;1_3&#8243; _builder_version=&#8220;4.16&#8243; _module_preset=&#8220;default&#8220; global_colors_info=&#8220;{}&#8220;][et_pb_text _builder_version=&#8220;4.16&#8243; _module_preset=&#8220;default&#8220; custom_margin=&#8220;||20px||false|false&#8220; custom_padding=&#8220;||||false|false&#8220; global_colors_info=&#8220;{}&#8220;]<\/p>\n<p style=\"text-align: justify;\">Der moderne 3D-Druck und das CNC-Fr\u00e4sen sind f\u00fcr uns Alltagsgesch\u00e4ft. Die meisten unserer Projekte w\u00e4ren ohne diese Techniken nicht denkbar. Die unbegrenzten M\u00f6glichkeiten der digitalen Bildhauerei und des k\u00fcnstlerischen Modellbaus lassen sich nur so aus dem Rechner in die Wirklichkeit holen.<\/p>\n<p style=\"text-align: justify;\">\u00dcber die Jahre haben wir uns einen ausgewogenen Maschinenpark angeschafft und viele Maschinen direkt f\u00fcr unsere Bed\u00fcrfnisse entwickeln lassen. Nur so k\u00f6nnen wir auf die Anforderungen jedes Auftrages eingehen:<\/p>\n<ul>\n<li style=\"text-align: left;\">Gr\u00f6\u00dfen von wenigen Zentimetern bis hin zu 5 Metern und dar\u00fcber hinaus<\/li>\n<li style=\"text-align: left;\">Feinste Detaildarstellungen im Bereich von 0,1 mm und darunter<\/li>\n<li style=\"text-align: left;\">Ausbrennbare Materialien f\u00fcr Gie\u00dfereien<\/li>\n<li style=\"text-align: left;\">Nachbearbeitbare Materialien f\u00fcr Kunstprojekte und Modellbauer<\/li>\n<li style=\"text-align: left;\">Bei Bedarf Aufteilung des Druckobjektes in mehrere Einzelteile mit passgenauen Verbindungsstellen<\/li>\n<li style=\"text-align: left;\">Anfertigung von Kleinserien<\/li>\n<\/ul>\n<p style=\"text-align: justify;\">In der Regel erstellen wir die digitalen Daten f\u00fcr unsere Kunden. Wenn Sie bereits digitale Daten vorliegen haben, \u00fcbernehmen wir selbstverst\u00e4ndlich ebenfalls den Druck f\u00fcr Sie. Bei Bedarf k\u00f6nnen wir Ihre Daten dabei f\u00fcr den Druck vorbereiten und umfassend optimieren. Unsere 3D-Modellierer holen aus allen Daten das Beste raus.<\/p>\n<p style=\"text-align: justify;\">Haben Sie noch Fragen oder besondere W\u00fcnsche? Brauchen Sie Informationen zu unseren Druckmaterialien oder den M\u00f6glichkeiten unserer verschiedenen Drucktechniken? Oder planen Sie bereits ein Projekt und ben\u00f6tigen unsere Dienstleistungen? Dann freuen wir uns \u00fcber Ihre Anfrage:<\/p>\n<p>[\/et_pb_text][et_pb_button button_url=&#8220;https:\/\/www.ego-3d.de\/modellbau\/kontakt\/&#8220; button_text=&#8220;Individuelle Anfrage&#8220; button_alignment=&#8220;center&#8220; _builder_version=&#8220;4.13.0&#8243; custom_button=&#8220;on&#8220; button_text_size=&#8220;18px&#8220; button_text_color=&#8220;#ffffff&#8220; button_bg_color=&#8220;rgba(112,162,193,0.89)&#8220; button_border_width=&#8220;3px&#8220; button_border_color=&#8220;#bce4ff&#8220; button_border_radius=&#8220;8px&#8220; button_font=&#8220;||||||||&#8220; button_icon=&#8220;&#x39;||divi||400&#8243; custom_padding=&#8220;2px||2px||false|false&#8220; button_text_shadow_style=&#8220;preset3&#8243; button_text_shadow_blur_strength=&#8220;0.1em&#8220; button_text_shadow_color=&#8220;#000000&#8243; box_shadow_style=&#8220;preset1&#8243; box_shadow_vertical=&#8220;0px&#8220; box_shadow_blur=&#8220;2px&#8220; box_shadow_spread=&#8220;2px&#8220; box_shadow_color=&#8220;#6b6b6b&#8220; button_text_color_hover=&#8220;#ffffff&#8220; button_border_color_hover=&#8220;#ffffff&#8220; button_letter_spacing_hover=&#8220;0&#8243; global_module=&#8220;1148&#8243; global_colors_info=&#8220;{}&#8220; button_text_size__hover_enabled=&#8220;off&#8220; button_one_text_size__hover_enabled=&#8220;off&#8220; button_two_text_size__hover_enabled=&#8220;off&#8220; button_text_color__hover_enabled=&#8220;on&#8220; button_text_color__hover=&#8220;#ffffff&#8220; button_one_text_color__hover_enabled=&#8220;off&#8220; button_two_text_color__hover_enabled=&#8220;off&#8220; button_border_width__hover_enabled=&#8220;off&#8220; button_one_border_width__hover_enabled=&#8220;off&#8220; button_two_border_width__hover_enabled=&#8220;off&#8220; button_border_color__hover_enabled=&#8220;on&#8220; button_border_color__hover=&#8220;#ffffff&#8220; button_one_border_color__hover_enabled=&#8220;off&#8220; button_two_border_color__hover_enabled=&#8220;off&#8220; button_border_radius__hover_enabled=&#8220;off&#8220; button_one_border_radius__hover_enabled=&#8220;off&#8220; button_two_border_radius__hover_enabled=&#8220;off&#8220; button_letter_spacing__hover_enabled=&#8220;on&#8220; button_letter_spacing__hover=&#8220;0&#8243; button_one_letter_spacing__hover_enabled=&#8220;off&#8220; button_two_letter_spacing__hover_enabled=&#8220;off&#8220; button_bg_color__hover_enabled=&#8220;off&#8220; button_one_bg_color__hover_enabled=&#8220;off&#8220; button_two_bg_color__hover_enabled=&#8220;off&#8220;][\/et_pb_button][et_pb_text _builder_version=&#8220;4.16&#8243; _module_preset=&#8220;default&#8220; custom_margin=&#8220;||20px||false|false&#8220; custom_padding=&#8220;||||false|false&#8220; global_colors_info=&#8220;{}&#8220;]<\/p>\n<p>Haben Sie ein Objekt, das erst digitalisiert werden muss? Dann d\u00fcrfte Sie unser 3D-Scanservice interessieren:<\/p>\n<p>[\/et_pb_text][et_pb_button button_url=&#8220;https:\/\/www.ego-3d.de\/modellbau\/3d-scantechnologie\/&#8220; button_text=&#8220;3D-Scannen&#8220; button_alignment=&#8220;center&#8220; _builder_version=&#8220;4.16&#8243; _module_preset=&#8220;default&#8220; custom_button=&#8220;on&#8220; button_text_size=&#8220;18px&#8220; button_text_color=&#8220;#ffffff&#8220; button_bg_color=&#8220;rgba(112,162,193,0.89)&#8220; button_border_width=&#8220;3px&#8220; button_border_color=&#8220;#bce4ff&#8220; button_border_radius=&#8220;8px&#8220; button_font=&#8220;||||||||&#8220; button_icon=&#8220;&#x39;||divi||400&#8243; custom_padding=&#8220;2px||2px||false|false&#8220; button_text_shadow_style=&#8220;preset3&#8243; button_text_shadow_blur_strength=&#8220;0.1em&#8220; button_text_shadow_color=&#8220;#000000&#8243; box_shadow_style=&#8220;preset1&#8243; box_shadow_vertical=&#8220;0px&#8220; box_shadow_blur=&#8220;2px&#8220; box_shadow_spread=&#8220;2px&#8220; box_shadow_color=&#8220;#6b6b6b&#8220; global_colors_info=&#8220;{}&#8220; button_text_color__hover=&#8220;#ffffff&#8220; button_text_color__hover_enabled=&#8220;on&#8220; button_border_color__hover=&#8220;#ffffff&#8220; button_border_color__hover_enabled=&#8220;on&#8220; button_letter_spacing__hover=&#8220;0&#8243; button_letter_spacing__hover_enabled=&#8220;on&#8220;][\/et_pb_button][et_pb_text _builder_version=&#8220;4.16&#8243; _module_preset=&#8220;default&#8220; custom_margin=&#8220;||20px||false|false&#8220; custom_padding=&#8220;||||false|false&#8220; global_colors_info=&#8220;{}&#8220;]<\/p>\n<p>Brauchen Sie \u00c4nderungen an einem bestehenden Modell oder wollen ein komplett neu Modelliertes Objekt nach Bilddaten oder Ihren Ideen? Dann d\u00fcrfte unsere 3D-Modellierung f\u00fcr Sie interessant sein:<\/p>\n<p>[\/et_pb_text][et_pb_button button_url=&#8220;https:\/\/www.ego-3d.de\/modellbau\/3d-modellieren\/&#8220; button_text=&#8220;3D-Modellieren&#8220; button_alignment=&#8220;center&#8220; _builder_version=&#8220;4.16&#8243; _module_preset=&#8220;default&#8220; custom_button=&#8220;on&#8220; button_text_size=&#8220;18px&#8220; button_text_color=&#8220;#ffffff&#8220; button_bg_color=&#8220;rgba(112,162,193,0.89)&#8220; button_border_width=&#8220;3px&#8220; button_border_color=&#8220;#bce4ff&#8220; button_border_radius=&#8220;8px&#8220; button_font=&#8220;||||||||&#8220; button_icon=&#8220;&#x39;||divi||400&#8243; custom_padding=&#8220;2px||2px||false|false&#8220; button_text_shadow_style=&#8220;preset3&#8243; button_text_shadow_blur_strength=&#8220;0.1em&#8220; button_text_shadow_color=&#8220;#000000&#8243; box_shadow_style=&#8220;preset1&#8243; box_shadow_vertical=&#8220;0px&#8220; box_shadow_blur=&#8220;2px&#8220; box_shadow_spread=&#8220;2px&#8220; box_shadow_color=&#8220;#6b6b6b&#8220; global_colors_info=&#8220;{}&#8220; button_text_color__hover=&#8220;#ffffff&#8220; button_text_color__hover_enabled=&#8220;on&#8220; button_border_color__hover=&#8220;#ffffff&#8220; button_border_color__hover_enabled=&#8220;on&#8220; button_letter_spacing__hover=&#8220;0&#8243; button_letter_spacing__hover_enabled=&#8220;on&#8220;][\/et_pb_button][\/et_pb_column][et_pb_column type=&#8220;1_3&#8243; _builder_version=&#8220;4.16&#8243; _module_preset=&#8220;default&#8220; global_colors_info=&#8220;{}&#8220;][et_pb_image src=&#8220;https:\/\/www.ego-3d.de\/modellbau\/wp-content\/uploads\/2020\/09\/EGO3D_Startseitenbild_3D-Druck.jpg&#8220; title_text=&#8220;EGO3D_Startseitenbild_3D-Druck&#8220; _builder_version=&#8220;4.16&#8243; _module_preset=&#8220;default&#8220; custom_margin=&#8220;||10px||false|false&#8220; box_shadow_style=&#8220;preset1&#8243; box_shadow_vertical=&#8220;0px&#8220; box_shadow_blur=&#8220;10px&#8220; box_shadow_spread=&#8220;2px&#8220; global_colors_info=&#8220;{}&#8220;][\/et_pb_image][et_pb_image src=&#8220;https:\/\/www.ego-3d.de\/modellbau\/wp-content\/uploads\/2020\/07\/EGO3D_Modellabschnitt_im_3D-Drucker.jpg&#8220; title_text=&#8220;EGO3D_Modellabschnitt_im_3D-Drucker&#8220; _builder_version=&#8220;4.16&#8243; _module_preset=&#8220;default&#8220; custom_margin=&#8220;||10px||false|false&#8220; box_shadow_style=&#8220;preset1&#8243; box_shadow_vertical=&#8220;0px&#8220; box_shadow_blur=&#8220;10px&#8220; box_shadow_spread=&#8220;2px&#8220; global_colors_info=&#8220;{}&#8220;][\/et_pb_image][et_pb_text _builder_version=&#8220;4.16&#8243; _module_preset=&#8220;default&#8220; global_colors_info=&#8220;{}&#8220;]<\/p>\n<p style=\"text-align: justify;\"><em>Teilgeb\u00e4ude des Dresdner Stadtschlosses<br \/><\/em><\/p>\n<p>[\/et_pb_text][et_pb_image src=&#8220;https:\/\/www.ego-3d.de\/modellbau\/wp-content\/uploads\/2020\/10\/EGO3D_Gro\u00dfes_Druckteil_wird_entnommen.jpg&#8220; title_text=&#8220;EGO3D_Gro\u00dfes_Druckteil_wird_entnommen&#8220; _builder_version=&#8220;4.16&#8243; _module_preset=&#8220;default&#8220; custom_margin=&#8220;||10px||false|false&#8220; box_shadow_style=&#8220;preset1&#8243; box_shadow_vertical=&#8220;0px&#8220; box_shadow_blur=&#8220;10px&#8220; box_shadow_spread=&#8220;2px&#8220; global_colors_info=&#8220;{}&#8220;][\/et_pb_image][et_pb_text _builder_version=&#8220;4.16&#8243; _module_preset=&#8220;default&#8220; global_colors_info=&#8220;{}&#8220;]<\/p>\n<p style=\"text-align: justify;\"><em>Taillenbereich einer \u00fcberlebensgro\u00dfen Superheldenfigur<br \/> <\/em><\/p>\n<p>[\/et_pb_text][et_pb_image src=&#8220;https:\/\/www.ego-3d.de\/modellbau\/wp-content\/uploads\/2020\/09\/EGO3D_Startseitenbild_ReliefsSchrifttafeln.jpg&#8220; title_text=&#8220;EGO3D_Startseitenbild_Reliefs&#038;Schrifttafeln&#8220; _builder_version=&#8220;4.16&#8243; _module_preset=&#8220;default&#8220; custom_margin=&#8220;||10px||false|false&#8220; box_shadow_style=&#8220;preset1&#8243; box_shadow_vertical=&#8220;0px&#8220; box_shadow_blur=&#8220;10px&#8220; box_shadow_spread=&#8220;2px&#8220; global_colors_info=&#8220;{}&#8220;][\/et_pb_image][et_pb_text _builder_version=&#8220;4.16&#8243; _module_preset=&#8220;default&#8220; global_colors_info=&#8220;{}&#8220;]<\/p>\n<p style=\"text-align: justify;\"><em>Ein Logo wird gefr\u00e4st<br \/> <\/em><\/p>\n<p>[\/et_pb_text][et_pb_image src=&#8220;https:\/\/www.ego-3d.de\/modellbau\/wp-content\/uploads\/2020\/10\/EGO3D_Gro\u00dfes_Druckteil_wird_entnommen_2.jpg&#8220; title_text=&#8220;EGO3D_Gro\u00dfes_Druckteil_wird_entnommen_2&#8243; _builder_version=&#8220;4.16&#8243; _module_preset=&#8220;default&#8220; global_colors_info=&#8220;{}&#8220;][\/et_pb_image][et_pb_text _builder_version=&#8220;4.16&#8243; _module_preset=&#8220;default&#8220; global_colors_info=&#8220;{}&#8220;]<\/p>\n<p style=\"text-align: justify;\"><em>Oberschenkel einer \u00fcberlebensgro\u00dfen Superheldenfigur wird entnommen<br \/> <\/em><\/p>\n<p>[\/et_pb_text][\/et_pb_column][\/et_pb_row][et_pb_row _builder_version=&#8220;4.19.4&#8243; _module_preset=&#8220;default&#8220; custom_margin=&#8220;||||false|false&#8220; custom_padding=&#8220;10px||0px||false|false&#8220;][et_pb_column _builder_version=&#8220;4.19.4&#8243; _module_preset=&#8220;default&#8220; type=&#8220;4_4&#8243;][et_pb_image src=&#8220;https:\/\/www.ego-3d.de\/modellbau\/wp-content\/uploads\/2020\/10\/EGO3D-Logo_in_Resin_gedruckt_auf_der_Druckplattform.jpg&#8220; _builder_version=&#8220;4.19.4&#8243; _module_preset=&#8220;default&#8220; title_text=&#8220;EGO3D-Logo_in_Resin_gedruckt_auf_der_Druckplattform&#8220; hover_enabled=&#8220;0&#8243; sticky_enabled=&#8220;0&#8243;][\/et_pb_image][\/et_pb_column][\/et_pb_row][\/et_pb_section]<\/p>\n","protected":false},"excerpt":{"rendered":"<p>3D-Druck und CNC-Fr\u00e4sen &#8211; Moderne Technik trifft KunstDer Oberk\u00f6rper einer Statue ist fertig gewordenStibilit\u00e4t f\u00f6rdernde Innenstruktur beim FDM-Drucktechnik Einzelteile eines Stadtmodells im SLA-Druck Eines von mehreren hundert Einzelteilen eines gigantischen Kunstwerkes im Auftrag des K\u00fcnstlers wird aus dem Drucker geholt Der moderne 3D-Druck und das CNC-Fr\u00e4sen sind f\u00fcr uns Alltagsgesch\u00e4ft. Die meisten unserer Projekte w\u00e4ren [&hellip;]<\/p>\n","protected":false},"author":1,"featured_media":0,"parent":0,"menu_order":0,"comment_status":"closed","ping_status":"closed","template":"","meta":{"_et_pb_use_builder":"on","_et_pb_old_content":"<!-- wp:divi\/placeholder \/-->","_et_gb_content_width":""},"_links":{"self":[{"href":"https:\/\/www.ego-3d.de\/modellbau\/wp-json\/wp\/v2\/pages\/2445"}],"collection":[{"href":"https:\/\/www.ego-3d.de\/modellbau\/wp-json\/wp\/v2\/pages"}],"about":[{"href":"https:\/\/www.ego-3d.de\/modellbau\/wp-json\/wp\/v2\/types\/page"}],"author":[{"embeddable":true,"href":"https:\/\/www.ego-3d.de\/modellbau\/wp-json\/wp\/v2\/users\/1"}],"replies":[{"embeddable":true,"href":"https:\/\/www.ego-3d.de\/modellbau\/wp-json\/wp\/v2\/comments?post=2445"}],"version-history":[{"count":13,"href":"https:\/\/www.ego-3d.de\/modellbau\/wp-json\/wp\/v2\/pages\/2445\/revisions"}],"predecessor-version":[{"id":2832,"href":"https:\/\/www.ego-3d.de\/modellbau\/wp-json\/wp\/v2\/pages\/2445\/revisions\/2832"}],"wp:attachment":[{"href":"https:\/\/www.ego-3d.de\/modellbau\/wp-json\/wp\/v2\/media?parent=2445"}],"curies":[{"name":"wp","href":"https:\/\/api.w.org\/{rel}","templated":true}]}}