{"id":2443,"date":"2020-10-15T14:55:26","date_gmt":"2020-10-15T12:55:26","guid":{"rendered":"https:\/\/www.ego-3d.de\/modellbau\/?page_id=2443"},"modified":"2023-03-31T16:29:57","modified_gmt":"2023-03-31T14:29:57","slug":"3d-scantechnologie","status":"publish","type":"page","link":"https:\/\/www.ego-3d.de\/modellbau\/3d-scantechnologie\/","title":{"rendered":"3D-Scannen"},"content":{"rendered":"<p>[et_pb_section fb_built=&#8220;1&#8243; _builder_version=&#8220;4.16&#8243; _module_preset=&#8220;default&#8220; background_color=&#8220;rgba(0,0,0,0)&#8220; global_colors_info=&#8220;{}&#8220;][et_pb_row _builder_version=&#8220;4.16&#8243; _module_preset=&#8220;default&#8220; custom_padding=&#8220;10px||||false|false&#8220; global_colors_info=&#8220;{}&#8220;][et_pb_column type=&#8220;4_4&#8243; _builder_version=&#8220;4.16&#8243; _module_preset=&#8220;default&#8220; global_colors_info=&#8220;{}&#8220;][et_pb_text _builder_version=&#8220;4.16&#8243; _module_preset=&#8220;default&#8220; global_colors_info=&#8220;{}&#8220;]<\/p>\n<h1 style=\"text-align: center;\"><strong>3D-Scannen<\/strong> &#8211; Wir digitalisieren Ihre Modelle und Kunstwerke<\/h1>\n<p>[\/et_pb_text][\/et_pb_column][\/et_pb_row][et_pb_row column_structure=&#8220;1_3,1_3,1_3&#8243; _builder_version=&#8220;4.16&#8243; _module_preset=&#8220;default&#8220; background_color=&#8220;rgba(255,255,255,0.65)&#8220; custom_margin=&#8220;||20px||false|false&#8220; custom_padding=&#8220;15px|15px|15px|15px|false|false&#8220; global_colors_info=&#8220;{}&#8220;][et_pb_column type=&#8220;1_3&#8243; _builder_version=&#8220;4.16&#8243; _module_preset=&#8220;default&#8220; global_colors_info=&#8220;{}&#8220;][et_pb_text _builder_version=&#8220;4.16&#8243; _module_preset=&#8220;default&#8220; global_colors_info=&#8220;{}&#8220;]<\/p>\n<p style=\"text-align: justify;\">Die moderne 3D-Scantechnologie erm\u00f6glicht es, fast jedes Kunstwerk und Objekt zu digitalisieren, bzw. als digitales Modell am Computer nutzbar zu machen. Einmal digitalisiert sind die M\u00f6glichkeiten nahezu unbegrenzt. Unsere Kunden nutzen die digitalisierten Modelle unter anderem f\u00fcr folgende Zwecke:<\/p>\n<ul style=\"text-align: justify;\">\n<li style=\"text-align: left;\">Vergr\u00f6\u00dferung oder Verkleinerung bestehender Modelle<\/li>\n<li style=\"text-align: left;\">Kopieren bestehender Modelle<\/li>\n<li style=\"text-align: left;\">Modifizieren bestehender Modelle, ohne das Original zu beeintr\u00e4chtigen. Hier ist alles m\u00f6glich, von kleinen \u00c4nderungen bis hin zur Umsetzung neuer Kunstwerke basierend auf dem Originalmodell<\/li>\n<li style=\"text-align: left;\">Digitale Archivierung wertvoller und bedeutender Kunstwerke<\/li>\n<li style=\"text-align: left;\">Herstellung von Kleinserien basierend auf einem Originalmodell<\/li>\n<li style=\"text-align: left;\">3D-Scan eines Originals, um es f\u00fcr Architektur-Visualisierungen, virtuelle Galerien und \u00e4hnliches nutzbar zu machen<\/li>\n<li style=\"text-align: left;\">und vieles mehr &#8230;<\/li>\n<\/ul>\n<p style=\"text-align: justify;\">Da unsere 3D-Scantechnologie mobil ist, \u00fcbernehmen wir Scanauftr\u00e4ge europaweit und kommen gerne auch zu Ihnen, um gro\u00dfe, nicht transportable Objekte einzuscannen. Dies ist insbesondere f\u00fcr Museen und Ausstellungen interessant, wenn die Exponate vor Ort bleiben sollen. Dar\u00fcber hinaus l\u00e4uft der gesamte 3D-Scan-Prozess vollst\u00e4ndig ber\u00fchrungsfrei ab und eignet sich damit auch f\u00fcr sehr empfindliche, wertvolle Objekte.<\/p>\n<p style=\"text-align: justify;\">Die meisten 3D-Scans sind innerhalb weniger Stunden abgeschlossen. Auch lebensgro\u00dfe Statuen, Stadtmodelle und Objeke bis zu einer Gr\u00f6\u00dfe von 3-4 Metern lassen sich innerhalb eines Tages erfassen. Auf diese Weise werden Kosten eingespart und Ateliers sowie Museen nicht lange durch unsere Arbeit blockiert.<\/p>\n<p>Haben Sie noch Fragen oder w\u00fcrden gerne unsere 3D-Scantechnologie nutzen? Dann freuen wir uns auf Ihre Anfrage:<\/p>\n<p>[\/et_pb_text][et_pb_button button_url=&#8220;https:\/\/www.ego-3d.de\/modellbau\/kontakt\/&#8220; button_text=&#8220;Individuelle Anfrage&#8220; button_alignment=&#8220;center&#8220; _builder_version=&#8220;4.13.0&#8243; custom_button=&#8220;on&#8220; button_text_size=&#8220;18px&#8220; button_text_color=&#8220;#ffffff&#8220; button_bg_color=&#8220;rgba(112,162,193,0.89)&#8220; button_border_width=&#8220;3px&#8220; button_border_color=&#8220;#bce4ff&#8220; button_border_radius=&#8220;8px&#8220; button_font=&#8220;||||||||&#8220; button_icon=&#8220;&#x39;||divi||400&#8243; button_on_hover=&#8220;off&#8220; custom_padding=&#8220;2px||2px||false|false&#8220; button_text_shadow_style=&#8220;preset3&#8243; button_text_shadow_blur_strength=&#8220;0.1em&#8220; button_text_shadow_color=&#8220;#000000&#8243; box_shadow_style=&#8220;preset1&#8243; box_shadow_vertical=&#8220;0px&#8220; box_shadow_blur=&#8220;2px&#8220; box_shadow_spread=&#8220;2px&#8220; box_shadow_color=&#8220;#6b6b6b&#8220; button_text_color_hover=&#8220;#ffffff&#8220; button_border_color_hover=&#8220;#ffffff&#8220; button_letter_spacing_hover=&#8220;0&#8243; global_module=&#8220;1148&#8243; saved_tabs=&#8220;all&#8220; global_colors_info=&#8220;{}&#8220; button_text_size__hover_enabled=&#8220;off&#8220; button_one_text_size__hover_enabled=&#8220;off&#8220; button_two_text_size__hover_enabled=&#8220;off&#8220; button_text_color__hover_enabled=&#8220;on&#8220; button_text_color__hover=&#8220;#ffffff&#8220; button_one_text_color__hover_enabled=&#8220;off&#8220; button_two_text_color__hover_enabled=&#8220;off&#8220; button_border_width__hover_enabled=&#8220;off&#8220; button_one_border_width__hover_enabled=&#8220;off&#8220; button_two_border_width__hover_enabled=&#8220;off&#8220; button_border_color__hover_enabled=&#8220;on&#8220; button_border_color__hover=&#8220;#ffffff&#8220; button_one_border_color__hover_enabled=&#8220;off&#8220; button_two_border_color__hover_enabled=&#8220;off&#8220; button_border_radius__hover_enabled=&#8220;off&#8220; button_one_border_radius__hover_enabled=&#8220;off&#8220; button_two_border_radius__hover_enabled=&#8220;off&#8220; button_letter_spacing__hover_enabled=&#8220;on&#8220; button_letter_spacing__hover=&#8220;0&#8243; button_one_letter_spacing__hover_enabled=&#8220;off&#8220; button_two_letter_spacing__hover_enabled=&#8220;off&#8220; button_bg_color__hover_enabled=&#8220;off&#8220; button_one_bg_color__hover_enabled=&#8220;off&#8220; button_two_bg_color__hover_enabled=&#8220;off&#8220;][\/et_pb_button][\/et_pb_column][et_pb_column type=&#8220;1_3&#8243; _builder_version=&#8220;4.16&#8243; _module_preset=&#8220;default&#8220; global_colors_info=&#8220;{}&#8220;][et_pb_image src=&#8220;https:\/\/www.ego-3d.de\/modellbau\/wp-content\/uploads\/2020\/10\/EGO3D_Men\u00fcbild_3D-Scannen.jpg&#8220; title_text=&#8220;EGO3D_Men\u00fcbild_3D-Scannen&#8220; _builder_version=&#8220;4.16&#8243; _module_preset=&#8220;default&#8220; custom_margin=&#8220;||10px||false|false&#8220; box_shadow_style=&#8220;preset1&#8243; box_shadow_vertical=&#8220;0px&#8220; box_shadow_blur=&#8220;10px&#8220; box_shadow_spread=&#8220;2px&#8220; global_colors_info=&#8220;{}&#8220;][\/et_pb_image][et_pb_text _builder_version=&#8220;4.19.4&#8243; _module_preset=&#8220;default&#8220; global_colors_info=&#8220;{}&#8220;]<\/p>\n<p style=\"text-align: justify;\"><em>Ein EGO3D-Mitarbeiter scannt die Spes-Statue des ber\u00fchmten d\u00e4nischen Bildhauers Friedel Thorvaldsen im Thorvaldsen-Museum in Kopenhagen ein<br \/><\/em><\/p>\n<p>[\/et_pb_text][et_pb_text _builder_version=&#8220;4.16&#8243; _module_preset=&#8220;default&#8220; global_colors_info=&#8220;{}&#8220;]<\/p>\n<h2><strong>Top-Fragen zum 3D-Scannen:<\/strong><\/h2>\n<p><strong><\/strong><\/p>\n<h3>Welche Gr\u00f6\u00dfen k\u00f6nnen gescannt werden?<\/h3>\n<p style=\"text-align: justify;\">Von der Gr\u00f6\u00dfe einer M\u00fcnze bis zu \u00fcberlebensgro\u00dfen Skulpturen ist alles m\u00f6glich.<\/p>\n<h3>Wie genau sind die 3D-Scans?<\/h3>\n<p style=\"text-align: justify;\">Gro\u00dfe Objekte wie Skulpturen scannen wir in der Regel mit bis zu 0,1 mm Genauigkeit, kleine Objekte wie B\u00fcsten, Kleinfiguren, Reliefs oder Medaillen mit bis zu 0,05 mm.<\/p>\n<h3>K\u00f6nnen Sie die Scandaten auch nachbearbeiten?<\/h3>\n<p style=\"text-align: justify;\">Ja, wir bieten jede erdenkliche Form der Nachbearbeitung an. Sobald ein Modell bei uns im Rechner angekommen ist, haben unsere erfahrenen Modellierer schier unbegrenzte M\u00f6glichkeiten.<\/p>\n<h3>K\u00f6nnen Sie auch vor Ort scannen?<\/h3>\n<p>Ja, mit unseren mobilen Scannern k\u00f6nnen wir auch vor Ort arbeiten. Insbesondere bei gro\u00dfen Objekten oder empfindlichen, nicht mobilen Exponaten ist dies sehr sinnvoll.<\/p>\n<p>[\/et_pb_text][\/et_pb_column][et_pb_column type=&#8220;1_3&#8243; _builder_version=&#8220;4.16&#8243; _module_preset=&#8220;default&#8220; global_colors_info=&#8220;{}&#8220;][et_pb_image src=&#8220;https:\/\/www.ego-3d.de\/modellbau\/wp-content\/uploads\/2020\/09\/EGO3D_Statue_Bergmann_kleines_Modell_zur_Vorlage.jpg&#8220; title_text=&#8220;EGO3D_Statue_Bergmann_kleines_Modell_zur_Vorlage&#8220; _builder_version=&#8220;4.16&#8243; _module_preset=&#8220;default&#8220; custom_margin=&#8220;||10px||false|false&#8220; box_shadow_style=&#8220;preset1&#8243; box_shadow_vertical=&#8220;0px&#8220; box_shadow_blur=&#8220;10px&#8220; box_shadow_spread=&#8220;2px&#8220; global_colors_info=&#8220;{}&#8220;][\/et_pb_image][et_pb_text _builder_version=&#8220;4.16&#8243; _module_preset=&#8220;default&#8220; global_colors_info=&#8220;{}&#8220;]<\/p>\n<p style=\"text-align: justify;\"><em>Kleines Originalmodell einer Bergmann-Skulptur<\/em><\/p>\n<p>[\/et_pb_text][et_pb_image src=&#8220;https:\/\/www.ego-3d.de\/modellbau\/wp-content\/uploads\/2020\/10\/EGO3D_Bergmann-Skulptur_digitales_Modell.jpg&#8220; title_text=&#8220;EGO3D_Bergmann-Skulptur_digitales_Modell&#8220; _builder_version=&#8220;4.16&#8243; _module_preset=&#8220;default&#8220; custom_margin=&#8220;||10px||false|false&#8220; box_shadow_style=&#8220;preset1&#8243; box_shadow_vertical=&#8220;0px&#8220; box_shadow_blur=&#8220;10px&#8220; box_shadow_spread=&#8220;2px&#8220; global_colors_info=&#8220;{}&#8220;][\/et_pb_image][et_pb_text _builder_version=&#8220;4.16&#8243; _module_preset=&#8220;default&#8220; global_colors_info=&#8220;{}&#8220;]<\/p>\n<p><em>Digitales Modell nach dem 3D-Scan<\/em><\/p>\n<p>[\/et_pb_text][et_pb_image src=&#8220;https:\/\/www.ego-3d.de\/modellbau\/wp-content\/uploads\/2020\/09\/EGO3D_Statue_Bergmann_fertiges_Gussmodell_vor_der_Auslieferung.jpg&#8220; title_text=&#8220;EGO3D_Statue_Bergmann_fertiges_Gussmodell_vor_der_Auslieferung&#8220; _builder_version=&#8220;4.16&#8243; _module_preset=&#8220;default&#8220; custom_margin=&#8220;||10px||false|false&#8220; box_shadow_style=&#8220;preset1&#8243; box_shadow_vertical=&#8220;0px&#8220; box_shadow_blur=&#8220;10px&#8220; box_shadow_spread=&#8220;2px&#8220; global_colors_info=&#8220;{}&#8220;][\/et_pb_image][et_pb_text _builder_version=&#8220;4.16&#8243; _module_preset=&#8220;default&#8220; global_colors_info=&#8220;{}&#8220;]<\/p>\n<p style=\"text-align: justify;\"><em>Vergr\u00f6\u00dfertes Gussmodell nach dem 3D-Druck, kurz vor der Auslieferung an die beteiligte Gie\u00dferei<\/em><\/p>\n<p>[\/et_pb_text][\/et_pb_column][\/et_pb_row][et_pb_row _builder_version=&#8220;4.16&#8243; _module_preset=&#8220;default&#8220; background_color=&#8220;rgba(255,255,255,0.65)&#8220; custom_margin=&#8220;||||false|false&#8220; custom_padding=&#8220;15px|15px|15px|15px|false|false&#8220; global_colors_info=&#8220;{}&#8220;][et_pb_column type=&#8220;4_4&#8243; _builder_version=&#8220;4.16&#8243; _module_preset=&#8220;default&#8220; global_colors_info=&#8220;{}&#8220;][et_pb_video image_src=&#8220;https:\/\/www.ego-3d.de\/modellbau\/wp-content\/uploads\/2023\/03\/Video-Startbild.jpg&#8220; _builder_version=&#8220;4.19.4&#8243; _module_preset=&#8220;default&#8220; hover_enabled=&#8220;0&#8243; global_colors_info=&#8220;{}&#8220; title_text=&#8220;EGO3D_Scannen-von-Skulpturen_web_HD&#8220; src_webm=&#8220;https:\/\/www.ego-3d.de\/modellbau\/wp-content\/uploads\/2023\/03\/EGO3D_Scannen-von-Skulpturen_web_HD.webm&#8220; sticky_enabled=&#8220;0&#8243; font_icon=&#8220;&#x49;||divi||400&#8243; play_icon_color=&#8220;#757575&#8243;][\/et_pb_video][\/et_pb_column][\/et_pb_row][et_pb_row column_structure=&#8220;1_2,1_2&#8243; _builder_version=&#8220;4.16&#8243; _module_preset=&#8220;default&#8220; background_color=&#8220;rgba(255,255,255,0.65)&#8220; custom_margin=&#8220;||||false|false&#8220; custom_padding=&#8220;15px|15px|15px|15px|false|false&#8220; global_colors_info=&#8220;{}&#8220;][et_pb_column type=&#8220;1_2&#8243; _builder_version=&#8220;4.16&#8243; _module_preset=&#8220;default&#8220; global_colors_info=&#8220;{}&#8220;][et_pb_text _builder_version=&#8220;4.16&#8243; _module_preset=&#8220;default&#8220; global_colors_info=&#8220;{}&#8220;]<\/p>\n<h2><strong>3D-Scannen kompakt erkl\u00e4rt<\/strong><\/h2>\n<p style=\"text-align: justify;\">Der Technische Hintergrund der 3D-Scantechnologie ist \u00fcberraschend einfach. Wie auch beim 3D-Druck ist die Technik kein Hexenwerk. Aber die ben\u00f6tigte Rechenleistung ist enorm. Das ist der Hauptgrund, warum diese Technik erst in den letzten 20 Jahren so rasant entwickeln konnte.<\/p>\n<p style=\"text-align: justify;\">Wir von EGO3D arbeiten haupts\u00e4chlich mit Handgef\u00fchrten 3D-Scannern. \u00c4hnlich einer Filmkamera nehmen wir das zu scannende Objekt auf, indem wir uns vorsichtig um das Objekt herumbewegen. W\u00e4hrend der Scanner bis zu 15 einzelne Scans pro Sekunde ausf\u00fchrt, setzt ein leistungsstarker Rechner diese Scans live zusammen und zeigt uns das Ergebnis am Bildschirm.<\/p>\n<p style=\"text-align: justify;\">Aber wie ist der 3D-Scanner \u00fcberhaupt in der Lage, die notwendigen Tiefeninformationen von gescannten Objekt zu bekommen?<\/p>\n<p>[\/et_pb_text][et_pb_image src=&#8220;https:\/\/www.ego-3d.de\/modellbau\/wp-content\/uploads\/2020\/11\/EGO3D_3D-Scan-Schema.jpg&#8220; title_text=&#8220;EGO3D_3D-Scan-Schema&#8220; _builder_version=&#8220;4.16&#8243; _module_preset=&#8220;default&#8220; custom_margin=&#8220;||10px||false|false&#8220; box_shadow_style=&#8220;preset1&#8243; box_shadow_vertical=&#8220;0px&#8220; box_shadow_blur=&#8220;10px&#8220; box_shadow_spread=&#8220;2px&#8220; global_colors_info=&#8220;{}&#8220;][\/et_pb_image][et_pb_text _builder_version=&#8220;4.16&#8243; _module_preset=&#8220;default&#8220; global_colors_info=&#8220;{}&#8220;]<\/p>\n<p>Unsere 3D-Scanner projizieren ein Punkteraster aus Licht auf die Oberfl\u00e4che des Objektes. Eine Kamera am Scanner, die versetzt zum Projektor platziert ist, betrachtet das Punkteraster auf der Oberfl\u00e4che. <\/p>\n<p>[\/et_pb_text][et_pb_image src=&#8220;https:\/\/www.ego-3d.de\/modellbau\/wp-content\/uploads\/2020\/11\/EGO3D_3D-Scan-Punkteraster.jpg&#8220; title_text=&#8220;EGO3D_3D-Scan-Punkteraster&#8220; _builder_version=&#8220;4.16&#8243; _module_preset=&#8220;default&#8220; custom_margin=&#8220;||10px||false|false&#8220; box_shadow_style=&#8220;preset1&#8243; box_shadow_vertical=&#8220;0px&#8220; box_shadow_blur=&#8220;10px&#8220; box_shadow_spread=&#8220;2px&#8220; global_colors_info=&#8220;{}&#8220;][\/et_pb_image][et_pb_text _builder_version=&#8220;4.16&#8243; _module_preset=&#8220;default&#8220; global_colors_info=&#8220;{}&#8220;]<\/p>\n<p>Die projizierten Punkte sind aus Sicht des Projektors absolut gleichm\u00e4\u00dfig verteilt.<\/p>\n<p>[\/et_pb_text][\/et_pb_column][et_pb_column type=&#8220;1_2&#8243; _builder_version=&#8220;4.16&#8243; _module_preset=&#8220;default&#8220; global_colors_info=&#8220;{}&#8220;][et_pb_text _builder_version=&#8220;4.16&#8243; _module_preset=&#8220;default&#8220; global_colors_info=&#8220;{}&#8220;]<\/p>\n<p style=\"text-align: justify;\">Aus der Blickrichtung der Kamera weichen jedoch die Positionen der einzelnen Punkte um so st\u00e4rker vom Raster ab, je unebener die Oberfl\u00e4che ist. In der Grafik unten ist das durch farbliche Unterschiede dargestellt. Desto roter ein Punkt ist, umso st\u00e4rker scheint er aus Kamerasicht vom Raster abzuweichen:<\/p>\n<p>[\/et_pb_text][et_pb_image src=&#8220;https:\/\/www.ego-3d.de\/modellbau\/wp-content\/uploads\/2020\/11\/EGO3D_3D-Scan-Punkteraster_perspektivisch_verschoben.jpg&#8220; title_text=&#8220;EGO3D_3D-Scan-Punkteraster_perspektivisch_verschoben&#8220; _builder_version=&#8220;4.16&#8243; _module_preset=&#8220;default&#8220; custom_margin=&#8220;||10px||false|false&#8220; box_shadow_style=&#8220;preset1&#8243; box_shadow_vertical=&#8220;0px&#8220; box_shadow_blur=&#8220;10px&#8220; box_shadow_spread=&#8220;2px&#8220; global_colors_info=&#8220;{}&#8220;][\/et_pb_image][et_pb_text _builder_version=&#8220;4.16&#8243; _module_preset=&#8220;default&#8220; global_colors_info=&#8220;{}&#8220;]<\/p>\n<p style=\"text-align: justify;\">Die Bilddaten der verschobenen Punkte werden vom Scanner an den Rechner geschickt. Eine spezielle 3D-Scan-Software analysiert die &#8222;Verschiebungen&#8220; und erh\u00e4lt dadurch Informationen \u00fcber die Oberfl\u00e4chenbeschaffenheit des Objektes. Ein einzelner Scan ist abgeschlossen.<\/p>\n<p style=\"text-align: justify;\">Um ein Objekt vollst\u00e4ndig zu erfassen, wird der handgef\u00fchrte 3D-Scanner nun um das gesamte Objekt herumbewegt und erfasst pro Sekunde bis zu 15 Einzelaufnahmen mit verschobenem Punkteraster. So entstehen bei einem gr\u00f6\u00dferen 3D-Scan-Projekt viele tausend Einzelscans.<br \/> Schon w\u00e4hrend des Scannens werden diese Einzelscans vom Computer grob zusammengesetzt, so dass man auf dem Bildschirm direkt mitverfolgen kann, wie das Objekt allm\u00e4hlich digitalisiert wird.<\/p>\n<p style=\"text-align: justify;\">Wenn wir auf diese Weise das gesamte Objekt erfasst haben, ist der aktive 3D-Scanvorgang abgeschlossen. Nun beginnt die Arbeit des Computers und der Scansoftware, die aus den gesammelten Datenmengen ein genaues Abbild des gescannten Objektes berechnet. Das abschlie\u00dfende Ergebnis weist eine Genauigkeit von bis zu 0,05 mm auf, je nachdem, welchen 3D-Scanner wir eingesetzt haben und welche Anforderungen an den Scan gestellt wurden.<\/p>\n<p style=\"text-align: justify;\">Nun kann das digitalisierte Objekt f\u00fcr unz\u00e4hlige Zwecke eingesetzt werden. Bei zahlreichen Projekten, die wir auf dieser Website in den verschiedensten Kategorien vorstellen, kam die 3D-Scantechnologie zum Einsatz.<\/p>\n<p>[\/et_pb_text][\/et_pb_column][\/et_pb_row][\/et_pb_section]<\/p>\n","protected":false},"excerpt":{"rendered":"<p>3D-Scannen &#8211; Wir digitalisieren Ihre Modelle und KunstwerkeDie moderne 3D-Scantechnologie erm\u00f6glicht es, fast jedes Kunstwerk und Objekt zu digitalisieren, bzw. als digitales Modell am Computer nutzbar zu machen. Einmal digitalisiert sind die M\u00f6glichkeiten nahezu unbegrenzt. Unsere Kunden nutzen die digitalisierten Modelle unter anderem f\u00fcr folgende Zwecke: Vergr\u00f6\u00dferung oder Verkleinerung bestehender Modelle Kopieren bestehender Modelle Modifizieren [&hellip;]<\/p>\n","protected":false},"author":1,"featured_media":0,"parent":0,"menu_order":0,"comment_status":"closed","ping_status":"closed","template":"","meta":{"_et_pb_use_builder":"on","_et_pb_old_content":"","_et_gb_content_width":""},"_links":{"self":[{"href":"https:\/\/www.ego-3d.de\/modellbau\/wp-json\/wp\/v2\/pages\/2443"}],"collection":[{"href":"https:\/\/www.ego-3d.de\/modellbau\/wp-json\/wp\/v2\/pages"}],"about":[{"href":"https:\/\/www.ego-3d.de\/modellbau\/wp-json\/wp\/v2\/types\/page"}],"author":[{"embeddable":true,"href":"https:\/\/www.ego-3d.de\/modellbau\/wp-json\/wp\/v2\/users\/1"}],"replies":[{"embeddable":true,"href":"https:\/\/www.ego-3d.de\/modellbau\/wp-json\/wp\/v2\/comments?post=2443"}],"version-history":[{"count":14,"href":"https:\/\/www.ego-3d.de\/modellbau\/wp-json\/wp\/v2\/pages\/2443\/revisions"}],"predecessor-version":[{"id":3210,"href":"https:\/\/www.ego-3d.de\/modellbau\/wp-json\/wp\/v2\/pages\/2443\/revisions\/3210"}],"wp:attachment":[{"href":"https:\/\/www.ego-3d.de\/modellbau\/wp-json\/wp\/v2\/media?parent=2443"}],"curies":[{"name":"wp","href":"https:\/\/api.w.org\/{rel}","templated":true}]}}