{"id":2441,"date":"2020-10-15T14:55:05","date_gmt":"2020-10-15T12:55:05","guid":{"rendered":"https:\/\/www.ego-3d.de\/modellbau\/?page_id=2441"},"modified":"2020-10-15T16:12:05","modified_gmt":"2020-10-15T14:12:05","slug":"3d-technik","status":"publish","type":"page","link":"https:\/\/www.ego-3d.de\/modellbau\/3d-technik\/","title":{"rendered":"3D-Technik"},"content":{"rendered":"<p>[et_pb_section fb_built=&#8220;1&#8243; _builder_version=&#8220;4.6.1&#8243; _module_preset=&#8220;default&#8220; background_color=&#8220;rgba(0,0,0,0)&#8220; hover_enabled=&#8220;0&#8243; sticky_enabled=&#8220;0&#8243;][et_pb_row _builder_version=&#8220;4.6.1&#8243; _module_preset=&#8220;default&#8220; custom_margin=&#8220;||||false|false&#8220; hover_enabled=&#8220;0&#8243; sticky_enabled=&#8220;0&#8243; custom_padding=&#8220;10px||10px||false|false&#8220;][et_pb_column _builder_version=&#8220;4.6.1&#8243; _module_preset=&#8220;default&#8220; type=&#8220;4_4&#8243;][et_pb_text _builder_version=&#8220;4.6.1&#8243; _module_preset=&#8220;default&#8220; hover_enabled=&#8220;0&#8243; sticky_enabled=&#8220;0&#8243;]<\/p>\n<h1 style=\"text-align: center;\"><strong>Die 3D-Technik von EGO3D<\/strong> &#8211; Die Fusion von Kunst und Hightech<\/h1>\n<p>[\/et_pb_text][\/et_pb_column][\/et_pb_row][et_pb_row _builder_version=&#8220;4.6.1&#8243; _module_preset=&#8220;default&#8220; column_structure=&#8220;1_3,1_3,1_3&#8243;][et_pb_column _builder_version=&#8220;4.6.1&#8243; _module_preset=&#8220;default&#8220; type=&#8220;1_3&#8243;][et_pb_tabs _builder_version=&#8220;4.6.1&#8243; _module_preset=&#8220;default&#8220; hover_enabled=&#8220;0&#8243; sticky_enabled=&#8220;0&#8243; border_radii=&#8220;on|10px|10px|10px|10px&#8220; box_shadow_style=&#8220;preset1&#8243; box_shadow_vertical=&#8220;0px&#8220; box_shadow_blur=&#8220;5px&#8220; box_shadow_spread=&#8220;2px&#8220;][et_pb_tab title=&#8220;3D-Scannen&#8220; _builder_version=&#8220;4.6.1&#8243; _module_preset=&#8220;default&#8220; custom_padding=&#8220;8px|8px|8px|8px|false|false&#8220; hover_enabled=&#8220;0&#8243; sticky_enabled=&#8220;0&#8243;]<\/p>\n<p><a href=\"https:\/\/www.ego-3d.de\/modellbau\/3d-scantechnologie\/\"><img decoding=\"async\" src=\"https:\/\/www.ego-3d.de\/modellbau\/wp-content\/uploads\/2020\/10\/EGO3D_Men\u00fcbild_3D-Scannen.jpg\" alt=\"\" \/><\/a><\/p>\n<p style=\"text-align: justify;\"><a href=\"https:\/\/www.ego-3d.de\/modellbau\/3d-scantechnologie\/\">Erfahren Sie mehr zur Digitalisierung von Kunstwerken und anderen Objekten durch die 3D-Scantechnologie von EGO3D<\/a><\/p>\n<p>[\/et_pb_tab][\/et_pb_tabs][\/et_pb_column][et_pb_column _builder_version=&#8220;4.6.1&#8243; _module_preset=&#8220;default&#8220; type=&#8220;1_3&#8243;][et_pb_tabs _builder_version=&#8220;4.6.1&#8243; _module_preset=&#8220;default&#8220; hover_enabled=&#8220;0&#8243; sticky_enabled=&#8220;0&#8243; border_radii=&#8220;on|10px|10px|10px|10px&#8220; box_shadow_style=&#8220;preset1&#8243; box_shadow_vertical=&#8220;0px&#8220; box_shadow_blur=&#8220;5px&#8220; box_shadow_spread=&#8220;2px&#8220;][et_pb_tab title=&#8220;3D-Modellieren&#8220; _builder_version=&#8220;4.6.1&#8243; _module_preset=&#8220;default&#8220; custom_padding=&#8220;8px|8px|8px|8px|false|false&#8220; hover_enabled=&#8220;0&#8243; sticky_enabled=&#8220;0&#8243;]<\/p>\n<p><a href=\"https:\/\/www.ego-3d.de\/modellbau\/3d-modellieren\/\"><img decoding=\"async\" src=\"https:\/\/www.ego-3d.de\/modellbau\/wp-content\/uploads\/2020\/10\/EGO3D_Men\u00fcbild_3D-Modellieren.jpg\" alt=\"\" \/><\/a><\/p>\n<p style=\"text-align: justify;\"><a href=\"https:\/\/www.ego-3d.de\/modellbau\/3d-modellieren\/\">Erfahren Sie mehr zur 3D-Modellierung und digitalen Bildhauerei der ausgebildeten K\u00fcnstler von EGO3D<\/a><\/p>\n<p>[\/et_pb_tab][\/et_pb_tabs][\/et_pb_column][et_pb_column _builder_version=&#8220;4.6.1&#8243; _module_preset=&#8220;default&#8220; type=&#8220;1_3&#8243;][et_pb_tabs _builder_version=&#8220;4.6.1&#8243; _module_preset=&#8220;default&#8220; hover_enabled=&#8220;0&#8243; sticky_enabled=&#8220;0&#8243; border_radii=&#8220;on|10px|10px|10px|10px&#8220; box_shadow_style=&#8220;preset1&#8243; box_shadow_vertical=&#8220;0px&#8220; box_shadow_blur=&#8220;5px&#8220; box_shadow_spread=&#8220;2px&#8220;][et_pb_tab title=&#8220;3D-Druck und CNC-Fr\u00e4sen&#8220; _builder_version=&#8220;4.6.1&#8243; _module_preset=&#8220;default&#8220; custom_padding=&#8220;8px|8px|8px|8px|false|false&#8220; hover_enabled=&#8220;0&#8243; sticky_enabled=&#8220;0&#8243;]<\/p>\n<p><a href=\"https:\/\/www.ego-3d.de\/modellbau\/3d-druck-und-cnc-fraesen\/\"><img decoding=\"async\" src=\"https:\/\/www.ego-3d.de\/modellbau\/wp-content\/uploads\/2020\/10\/EGO3D_Men\u00fcbild_3D-Druck.jpg\" alt=\"\" \/><\/a><\/p>\n<p style=\"text-align: justify;\"><a href=\"https:\/\/www.ego-3d.de\/modellbau\/3d-druck-und-cnc-fraesen\/\">Erfahren Sie mehr zum 3D-Druck und zum CNC-Fr\u00e4sen, und wie diese Techniken auch f\u00fcr Ihr Projekt eingesetzt werden k\u00f6nnen<\/a><\/p>\n<p>[\/et_pb_tab][\/et_pb_tabs][\/et_pb_column][\/et_pb_row][\/et_pb_section]<\/p>\n","protected":false},"excerpt":{"rendered":"<p>Die 3D-Technik von EGO3D &#8211; Die Fusion von Kunst und Hightech Erfahren Sie mehr zur Digitalisierung von Kunstwerken und anderen Objekten durch die 3D-Scantechnologie von EGO3D Erfahren Sie mehr zur 3D-Modellierung und digitalen Bildhauerei der ausgebildeten K\u00fcnstler von EGO3D Erfahren Sie mehr zum 3D-Druck und zum CNC-Fr\u00e4sen, und wie diese Techniken auch f\u00fcr Ihr Projekt [&hellip;]<\/p>\n","protected":false},"author":1,"featured_media":0,"parent":0,"menu_order":0,"comment_status":"closed","ping_status":"closed","template":"","meta":{"_et_pb_use_builder":"on","_et_pb_old_content":"<!-- wp:divi\/placeholder \/-->","_et_gb_content_width":""},"_links":{"self":[{"href":"https:\/\/www.ego-3d.de\/modellbau\/wp-json\/wp\/v2\/pages\/2441"}],"collection":[{"href":"https:\/\/www.ego-3d.de\/modellbau\/wp-json\/wp\/v2\/pages"}],"about":[{"href":"https:\/\/www.ego-3d.de\/modellbau\/wp-json\/wp\/v2\/types\/page"}],"author":[{"embeddable":true,"href":"https:\/\/www.ego-3d.de\/modellbau\/wp-json\/wp\/v2\/users\/1"}],"replies":[{"embeddable":true,"href":"https:\/\/www.ego-3d.de\/modellbau\/wp-json\/wp\/v2\/comments?post=2441"}],"version-history":[{"count":5,"href":"https:\/\/www.ego-3d.de\/modellbau\/wp-json\/wp\/v2\/pages\/2441\/revisions"}],"predecessor-version":[{"id":2462,"href":"https:\/\/www.ego-3d.de\/modellbau\/wp-json\/wp\/v2\/pages\/2441\/revisions\/2462"}],"wp:attachment":[{"href":"https:\/\/www.ego-3d.de\/modellbau\/wp-json\/wp\/v2\/media?parent=2441"}],"curies":[{"name":"wp","href":"https:\/\/api.w.org\/{rel}","templated":true}]}}