{"id":2418,"date":"2020-10-14T17:18:47","date_gmt":"2020-10-14T15:18:47","guid":{"rendered":"https:\/\/www.ego-3d.de\/modellbau\/?page_id=2418"},"modified":"2020-10-15T09:05:05","modified_gmt":"2020-10-15T07:05:05","slug":"portraitreliefs","status":"publish","type":"page","link":"https:\/\/www.ego-3d.de\/modellbau\/portraitreliefs\/","title":{"rendered":"Landingpage Portraitreliefs"},"content":{"rendered":"<p>[et_pb_section fb_built=&#8220;1&#8243; _builder_version=&#8220;4.6.1&#8243; _module_preset=&#8220;default&#8220; background_color=&#8220;rgba(255,255,255,0)&#8220;][et_pb_row _builder_version=&#8220;4.6.1&#8243; _module_preset=&#8220;default&#8220;][et_pb_column type=&#8220;4_4&#8243; _builder_version=&#8220;4.6.1&#8243; _module_preset=&#8220;default&#8220;][et_pb_text _builder_version=&#8220;4.6.1&#8243; _module_preset=&#8220;default&#8220; hover_enabled=&#8220;0&#8243; sticky_enabled=&#8220;0&#8243;]<\/p>\n<h1 style=\"text-align: center;\"><strong>Portraitreliefs<\/strong> &#8211; sehenswerte individuelle Bildnisse nach Ihren Fotos<\/h1>\n<p>[\/et_pb_text][\/et_pb_column][\/et_pb_row][et_pb_row _builder_version=&#8220;4.6.1&#8243; _module_preset=&#8220;default&#8220; background_color=&#8220;rgba(255,255,255,0.65)&#8220; custom_margin=&#8220;||15px||false|false&#8220; custom_padding=&#8220;15px|15px|15px|15px|false|false&#8220; box_shadow_style=&#8220;preset1&#8243; box_shadow_vertical=&#8220;0px&#8220; box_shadow_blur=&#8220;10px&#8220; box_shadow_spread=&#8220;2px&#8220;][et_pb_column type=&#8220;4_4&#8243; _builder_version=&#8220;4.6.1&#8243; _module_preset=&#8220;default&#8220;][et_pb_image src=&#8220;https:\/\/www.ego-3d.de\/modellbau\/wp-content\/uploads\/2020\/10\/EGO3D_Portrait-Relief_Foto-3D-Modell-fertiger-Guss.jpg&#8220; title_text=&#8220;EGO3D_Portrait-Relief_Foto-3D-Modell-fertiger-Guss&#8220; _builder_version=&#8220;4.6.1&#8243; _module_preset=&#8220;default&#8220; custom_margin=&#8220;||||false|false&#8220; box_shadow_style=&#8220;preset1&#8243; box_shadow_vertical=&#8220;0px&#8220; box_shadow_blur=&#8220;10px&#8220; box_shadow_spread=&#8220;2px&#8220;][\/et_pb_image][\/et_pb_column][\/et_pb_row][et_pb_row column_structure=&#8220;1_3,1_3,1_3&#8243; _builder_version=&#8220;4.6.1&#8243; _module_preset=&#8220;default&#8220; background_color=&#8220;rgba(255,255,255,0.65)&#8220; custom_margin=&#8220;||15px||false|false&#8220; custom_padding=&#8220;15px|15px|15px|15px|false|false&#8220; box_shadow_style=&#8220;preset1&#8243; box_shadow_vertical=&#8220;0px&#8220; box_shadow_blur=&#8220;10px&#8220; box_shadow_spread=&#8220;2px&#8220;][et_pb_column type=&#8220;1_3&#8243; _builder_version=&#8220;4.6.1&#8243; _module_preset=&#8220;default&#8220;][et_pb_image src=&#8220;https:\/\/www.ego-3d.de\/modellbau\/wp-content\/uploads\/2020\/10\/EGO3D_Portrait-Relief_Beispiel4.jpg&#8220; title_text=&#8220;EGO3D_Portrait-Relief_Beispiel4&#8243; _builder_version=&#8220;4.6.1&#8243; _module_preset=&#8220;default&#8220; custom_margin=&#8220;||15px||false|false&#8220; box_shadow_style=&#8220;preset1&#8243; box_shadow_vertical=&#8220;0px&#8220; box_shadow_blur=&#8220;10px&#8220; box_shadow_spread=&#8220;2px&#8220;][\/et_pb_image][et_pb_image src=&#8220;https:\/\/www.ego-3d.de\/modellbau\/wp-content\/uploads\/2020\/10\/EGO3D-Vorschau_Hape-Kerkeling_VorlageRelief_Buchcover.jpg&#8220; title_text=&#8220;EGO3D-Vorschau_Hape-Kerkeling_Vorlage&#038;Relief_Buchcover&#8220; _builder_version=&#8220;4.6.1&#8243; _module_preset=&#8220;default&#8220; custom_margin=&#8220;||15px||false|false&#8220; box_shadow_style=&#8220;preset1&#8243; box_shadow_vertical=&#8220;0px&#8220; box_shadow_blur=&#8220;10px&#8220; box_shadow_spread=&#8220;2px&#8220;][\/et_pb_image][\/et_pb_column][et_pb_column type=&#8220;1_3&#8243; _builder_version=&#8220;4.6.1&#8243; _module_preset=&#8220;default&#8220;][et_pb_text _builder_version=&#8220;4.6.1&#8243; _module_preset=&#8220;default&#8220;]<\/p>\n<p style=\"text-align: justify;\">EGO3D ist ein Dienstleister f\u00fcr k\u00fcnstlerischen Modellbau und digitale Modellierung. Wir sind unter anderem auf Reliefs aller Art spezialisiert und unsere ausgebildeten K\u00fcnstler bringen ihre Erfahrung aus \u00fcber 2500 modellierten Portraitb\u00fcsten auch bei Portraitreliefs ein. <\/p>\n<p style=\"text-align: justify;\">F\u00fcr das Modellieren eines Portraitreliefs ben\u00f6tigen wir von Ihnen nur ein Foto der darzustellenden Person mit der gew\u00fcnschten Perspektive und Mimik. Sobald wir mit dem Modellieren in die Endphase kommen, erhalten Sie Vorschaubilder des Portraitreliefs und k\u00f6nnen bei Bedarf noch \u00c4nderungsw\u00fcnsche einbringen. Erst wenn sie mit dem Ergebnis zu 100% zufrieden sind, stellen wir das Relief mit unseren 3D-Druckern oder CNC-Fr\u00e4sen her, je nach Anforderungen.<\/p>\n<p style=\"text-align: justify;\">Das gedruckte oder gefr\u00e4ste Modell k\u00f6nnen wir bronzieren oder in einer unserer Partnergie\u00dfereien in echter Bronze gie\u00dfen lassen. Auch andere Ausf\u00fchrungen sind m\u00f6glich, ganz nach Ihren W\u00fcnschen und je nachdem, f\u00fcr welchen Anlass Ihr Portraitrelief gedacht ist.\u00a0<\/p>\n<p style=\"text-align: justify;\">Portraitreliefs von EGO3D sind in allen erdenklichen Gr\u00f6\u00dfen herstellbar, von Kleinstversionen f\u00fcr Medaillen und M\u00fcnzen, bis hin zu lebensgro\u00dfen und \u00fcberlebensgro\u00dfen Ausf\u00fchrungen f\u00fcr Gedenktafeln, Erinnerungstafeln oder als Ehrung einer besonderen Person. <\/p>\n<p style=\"text-align: justify;\">M\u00f6chten Sie ein Portraitrelief in Auftrag geben, haben Sie noch Fragen oder planen sie eine besondere Ausf\u00fchrung, die sie hier nicht beschrieben finden? Dann freuen wir uns auf Ihre Anfrage:<\/p>\n<p>[\/et_pb_text][et_pb_button button_url=&#8220;https:\/\/www.ego-3d.de\/modellbau\/kontakt\/&#8220; button_text=&#8220;Individuelle Anfrage&#8220; button_alignment=&#8220;center&#8220; _builder_version=&#8220;4.6.1&#8243; custom_button=&#8220;on&#8220; button_text_size=&#8220;18px&#8220; button_text_color=&#8220;#ffffff&#8220; button_bg_color=&#8220;rgba(112,162,193,0.89)&#8220; button_border_width=&#8220;3px&#8220; button_border_color=&#8220;#bce4ff&#8220; button_border_radius=&#8220;8px&#8220; button_font=&#8220;||||||||&#8220; button_icon=&#8220;%%24%%&#8220; custom_padding=&#8220;2px||2px||false|false&#8220; button_text_shadow_style=&#8220;preset3&#8243; button_text_shadow_blur_strength=&#8220;0.1em&#8220; button_text_shadow_color=&#8220;#000000&#8243; box_shadow_style=&#8220;preset1&#8243; box_shadow_vertical=&#8220;0px&#8220; box_shadow_blur=&#8220;2px&#8220; box_shadow_spread=&#8220;2px&#8220; box_shadow_color=&#8220;#6b6b6b&#8220; button_text_color_hover=&#8220;#ffffff&#8220; button_border_color_hover=&#8220;#ffffff&#8220; button_letter_spacing_hover=&#8220;0&#8243; global_module=&#8220;1148&#8243; button_text_size__hover_enabled=&#8220;off&#8220; button_one_text_size__hover_enabled=&#8220;off&#8220; button_two_text_size__hover_enabled=&#8220;off&#8220; button_text_color__hover_enabled=&#8220;on&#8220; button_text_color__hover=&#8220;#ffffff&#8220; button_one_text_color__hover_enabled=&#8220;off&#8220; button_two_text_color__hover_enabled=&#8220;off&#8220; button_border_width__hover_enabled=&#8220;off&#8220; button_one_border_width__hover_enabled=&#8220;off&#8220; button_two_border_width__hover_enabled=&#8220;off&#8220; button_border_color__hover_enabled=&#8220;on&#8220; button_border_color__hover=&#8220;#ffffff&#8220; button_one_border_color__hover_enabled=&#8220;off&#8220; button_two_border_color__hover_enabled=&#8220;off&#8220; button_border_radius__hover_enabled=&#8220;off&#8220; button_one_border_radius__hover_enabled=&#8220;off&#8220; button_two_border_radius__hover_enabled=&#8220;off&#8220; button_letter_spacing__hover_enabled=&#8220;on&#8220; button_letter_spacing__hover=&#8220;0&#8243; button_one_letter_spacing__hover_enabled=&#8220;off&#8220; button_two_letter_spacing__hover_enabled=&#8220;off&#8220; button_bg_color__hover_enabled=&#8220;off&#8220; button_one_bg_color__hover_enabled=&#8220;off&#8220; button_two_bg_color__hover_enabled=&#8220;off&#8220;][\/et_pb_button][\/et_pb_column][et_pb_column type=&#8220;1_3&#8243; _builder_version=&#8220;4.6.1&#8243; _module_preset=&#8220;default&#8220;][et_pb_image src=&#8220;https:\/\/www.ego-3d.de\/modellbau\/wp-content\/uploads\/2020\/10\/EGO3D_Portrait-Relief_Beispiel3.jpg&#8220; title_text=&#8220;EGO3D_Portrait-Relief_Beispiel3&#8243; _builder_version=&#8220;4.6.1&#8243; _module_preset=&#8220;default&#8220; custom_margin=&#8220;||15px||false|false&#8220; box_shadow_style=&#8220;preset1&#8243; box_shadow_vertical=&#8220;0px&#8220; box_shadow_blur=&#8220;10px&#8220; box_shadow_spread=&#8220;2px&#8220;][\/et_pb_image][et_pb_image src=&#8220;https:\/\/www.ego-3d.de\/modellbau\/wp-content\/uploads\/2020\/10\/EGO3D_Portrait-Relief_Foto-3D-Modell.jpg&#8220; title_text=&#8220;EGO3D_Portrait-Relief_Foto-3D-Modell&#8220; _builder_version=&#8220;4.6.1&#8243; _module_preset=&#8220;default&#8220; custom_margin=&#8220;||15px||false|false&#8220; box_shadow_style=&#8220;preset1&#8243; box_shadow_vertical=&#8220;0px&#8220; box_shadow_blur=&#8220;10px&#8220; box_shadow_spread=&#8220;2px&#8220;][\/et_pb_image][et_pb_image src=&#8220;https:\/\/www.ego-3d.de\/modellbau\/wp-content\/uploads\/2020\/10\/EGO3D_Portrait-Relief_Foto-3D-Modell_Beispiel2.jpg&#8220; title_text=&#8220;EGO3D_Portrait-Relief_Foto-3D-Modell_Beispiel2&#8243; _builder_version=&#8220;4.6.1&#8243; _module_preset=&#8220;default&#8220; custom_margin=&#8220;||15px||false|false&#8220; box_shadow_style=&#8220;preset1&#8243; box_shadow_vertical=&#8220;0px&#8220; box_shadow_blur=&#8220;10px&#8220; box_shadow_spread=&#8220;2px&#8220;][\/et_pb_image][\/et_pb_column][\/et_pb_row][\/et_pb_section]<\/p>\n","protected":false},"excerpt":{"rendered":"<p>Portraitreliefs &#8211; sehenswerte individuelle Bildnisse nach Ihren Fotos EGO3D ist ein Dienstleister f\u00fcr k\u00fcnstlerischen Modellbau und digitale Modellierung. Wir sind unter anderem auf Reliefs aller Art spezialisiert und unsere ausgebildeten K\u00fcnstler bringen ihre Erfahrung aus \u00fcber 2500 modellierten Portraitb\u00fcsten auch bei Portraitreliefs ein. F\u00fcr das Modellieren eines Portraitreliefs ben\u00f6tigen wir von Ihnen nur ein Foto [&hellip;]<\/p>\n","protected":false},"author":1,"featured_media":0,"parent":0,"menu_order":0,"comment_status":"closed","ping_status":"closed","template":"","meta":{"_et_pb_use_builder":"on","_et_pb_old_content":"","_et_gb_content_width":""},"_links":{"self":[{"href":"https:\/\/www.ego-3d.de\/modellbau\/wp-json\/wp\/v2\/pages\/2418"}],"collection":[{"href":"https:\/\/www.ego-3d.de\/modellbau\/wp-json\/wp\/v2\/pages"}],"about":[{"href":"https:\/\/www.ego-3d.de\/modellbau\/wp-json\/wp\/v2\/types\/page"}],"author":[{"embeddable":true,"href":"https:\/\/www.ego-3d.de\/modellbau\/wp-json\/wp\/v2\/users\/1"}],"replies":[{"embeddable":true,"href":"https:\/\/www.ego-3d.de\/modellbau\/wp-json\/wp\/v2\/comments?post=2418"}],"version-history":[{"count":7,"href":"https:\/\/www.ego-3d.de\/modellbau\/wp-json\/wp\/v2\/pages\/2418\/revisions"}],"predecessor-version":[{"id":2439,"href":"https:\/\/www.ego-3d.de\/modellbau\/wp-json\/wp\/v2\/pages\/2418\/revisions\/2439"}],"wp:attachment":[{"href":"https:\/\/www.ego-3d.de\/modellbau\/wp-json\/wp\/v2\/media?parent=2418"}],"curies":[{"name":"wp","href":"https:\/\/api.w.org\/{rel}","templated":true}]}}