{"id":2375,"date":"2020-10-09T16:09:45","date_gmt":"2020-10-09T14:09:45","guid":{"rendered":"https:\/\/www.ego-3d.de\/modellbau\/?page_id=2375"},"modified":"2020-11-17T08:34:20","modified_gmt":"2020-11-17T07:34:20","slug":"familienwappen","status":"publish","type":"page","link":"https:\/\/www.ego-3d.de\/modellbau\/familienwappen\/","title":{"rendered":"Landingpage Familienwappen"},"content":{"rendered":"<p>[et_pb_section fb_built=&#8220;1&#8243; _builder_version=&#8220;4.6.1&#8243; _module_preset=&#8220;default&#8220; background_color=&#8220;rgba(0,0,0,0)&#8220;][et_pb_row _builder_version=&#8220;4.6.1&#8243; _module_preset=&#8220;default&#8220; custom_margin=&#8220;||||false|false&#8220;][et_pb_column type=&#8220;4_4&#8243; _builder_version=&#8220;4.6.1&#8243; _module_preset=&#8220;default&#8220;][et_pb_text _builder_version=&#8220;4.6.1&#8243; _module_preset=&#8220;default&#8220;]<\/p>\n<h1 style=\"text-align: center;\"><strong>Familienwappen<\/strong> &#8211; hochwertige Reliefs mit Stil<\/h1>\n<p>[\/et_pb_text][\/et_pb_column][\/et_pb_row][et_pb_row _builder_version=&#8220;4.6.1&#8243; _module_preset=&#8220;default&#8220; background_color=&#8220;rgba(255,255,255,0.65)&#8220; custom_margin=&#8220;||15px||false|false&#8220; custom_padding=&#8220;15px|15px|15px|15px|false|false&#8220; box_shadow_style=&#8220;preset1&#8243; box_shadow_vertical=&#8220;0px&#8220; box_shadow_blur=&#8220;10px&#8220;][et_pb_column type=&#8220;4_4&#8243; _builder_version=&#8220;4.6.1&#8243; _module_preset=&#8220;default&#8220;][et_pb_image src=&#8220;https:\/\/www.ego-3d.de\/modellbau\/wp-content\/uploads\/2020\/10\/EGO3D_Wappen_Maltzahn_einzelne_Herstellungsstufen.jpg&#8220; title_text=&#8220;EGO3D_Wappen_Maltzahn_einzelne_Herstellungsstufen&#8220; _builder_version=&#8220;4.6.1&#8243; _module_preset=&#8220;default&#8220; custom_margin=&#8220;||10px||false|false&#8220; custom_padding=&#8220;||||false|false&#8220; box_shadow_style=&#8220;preset1&#8243; box_shadow_vertical=&#8220;0px&#8220; box_shadow_blur=&#8220;10px&#8220; box_shadow_spread=&#8220;2px&#8220;][\/et_pb_image][et_pb_text _builder_version=&#8220;4.6.1&#8243; _module_preset=&#8220;default&#8220;]<\/p>\n<p>Von Links: Die Vorlage eines Familienwappens, das digitale Vorschaubild von vorne und aus perspektivischer Ansicht und das fertig gefr\u00e4ste Modell f\u00fcr den Guss<\/p>\n<p>[\/et_pb_text][\/et_pb_column][\/et_pb_row][et_pb_row column_structure=&#8220;1_3,1_3,1_3&#8243; _builder_version=&#8220;4.6.1&#8243; _module_preset=&#8220;default&#8220; background_color=&#8220;rgba(255,255,255,0.65)&#8220; custom_padding=&#8220;15px|15px|15px|15px|false|false&#8220; box_shadow_style=&#8220;preset1&#8243; box_shadow_vertical=&#8220;0px&#8220; box_shadow_blur=&#8220;10px&#8220;][et_pb_column type=&#8220;1_3&#8243; _builder_version=&#8220;4.6.1&#8243; _module_preset=&#8220;default&#8220;][et_pb_image src=&#8220;https:\/\/www.ego-3d.de\/modellbau\/wp-content\/uploads\/2020\/10\/EGO3D-Vorschau_Familienwappen_01.jpg&#8220; title_text=&#8220;EGO3D-Vorschau_Familienwappen_01&#8243; _builder_version=&#8220;4.6.1&#8243; _module_preset=&#8220;default&#8220; box_shadow_style=&#8220;preset1&#8243; box_shadow_vertical=&#8220;0px&#8220; box_shadow_blur=&#8220;10px&#8220; box_shadow_spread=&#8220;2px&#8220;][\/et_pb_image][et_pb_image src=&#8220;https:\/\/www.ego-3d.de\/modellbau\/wp-content\/uploads\/2020\/10\/EGO3D-Vorschau_Familienwappen_02.jpg&#8220; title_text=&#8220;EGO3D-Vorschau_Familienwappen_02&#8243; _builder_version=&#8220;4.6.1&#8243; _module_preset=&#8220;default&#8220; box_shadow_style=&#8220;preset1&#8243; box_shadow_vertical=&#8220;0px&#8220; box_shadow_blur=&#8220;10px&#8220; box_shadow_spread=&#8220;2px&#8220;][\/et_pb_image][et_pb_image src=&#8220;https:\/\/www.ego-3d.de\/modellbau\/wp-content\/uploads\/2020\/10\/EGO3D-Vorschau_Familienwappen_06.jpg&#8220; title_text=&#8220;EGO3D-Vorschau_Familienwappen_06&#8243; _builder_version=&#8220;4.6.1&#8243; _module_preset=&#8220;default&#8220; box_shadow_style=&#8220;preset1&#8243; box_shadow_vertical=&#8220;0px&#8220; box_shadow_blur=&#8220;10px&#8220; box_shadow_spread=&#8220;2px&#8220;][\/et_pb_image][\/et_pb_column][et_pb_column type=&#8220;1_3&#8243; _builder_version=&#8220;4.6.1&#8243; _module_preset=&#8220;default&#8220;][et_pb_text _builder_version=&#8220;4.6.1&#8243; _module_preset=&#8220;default&#8220; hover_enabled=&#8220;0&#8243; sticky_enabled=&#8220;0&#8243;]<\/p>\n<p style=\"text-align: justify;\">EGO3D ist ein Dienstleister f\u00fcr k\u00fcnstlerischen Modellbau und digitale Modellierung. Wir sind unter anderem auf Reliefs aller Art spezialisiert. Als Relief l\u00e4sst sich ein Familienwappen besonders sch\u00f6n in Szene setzen. In Bronze gegossen wird daraus ein zeitloses und langlebiges Objekt f\u00fcr Ihr Zuhause, Ihre Firma oder jeden anderen Ort, an dem Sie Ihr Familienwappen gerne anbringen wollen.<\/p>\n<p style=\"text-align: justify;\">Alles was wir brauchen, ist eine einfache Zeichnung, ein Foto oder Grafik, anhand der unsere ausgebildeten K\u00fcnstler zuerst ein digitales Modell Ihres Wappens am Rechner modellieren. Gerne entwerfen wir f\u00fcr Sie auch ein neues Wappen anhand Ihrer Ideen und nach den Regeln der Heraldik.<\/p>\n<p style=\"text-align: justify;\">Mit der digitalen Modellierung ist praktisch alles m\u00f6glich, was ein Familienwappen ausmacht.\u00a0 Helm, Helmzier, Helmdecke, Schild, Rangkrone, Wahlspruch und Panier lassen sich auf jede erdenkliche Weise umsetzen. Alle m\u00f6glichen Fabelwesen, Heroldsbilder, Symbole und Figuren der Heraldik k\u00f6nnen wir f\u00fcr Ihr Schild nach Ihren Vorlagen oder Ideen gestalten.<\/p>\n<p style=\"text-align: justify;\">Sie erhalten fr\u00fchzeitig Vorschaubilder des 3D-Modells, um das Ergebnis zu kontrollieren und gegebenenfalls \u00c4nderungsw\u00fcnsche einzubringen. Erst wenn Sie Ihre Freigabe erteilen, stellen wir das Wappen mit unseren 3D-Druckern oder CNC-Fr\u00e4sen her. Abschlie\u00dfend k\u00f6nnen wir Ihr Wappen je nach Wunsch bronzieren oder in einer unserer Partnergie\u00dfereien in echter Bronze gie\u00dfen lassen.<\/p>\n<p style=\"text-align: justify;\">Haben Sie noch Fragen oder besondere W\u00fcnsche? Eine Anfrage lohnt sich immer:<\/p>\n<p>[\/et_pb_text][et_pb_button button_url=&#8220;https:\/\/www.ego-3d.de\/modellbau\/kontakt\/&#8220; button_text=&#8220;Individuelle Anfrage&#8220; button_alignment=&#8220;center&#8220; _builder_version=&#8220;4.6.1&#8243; custom_button=&#8220;on&#8220; button_text_size=&#8220;18px&#8220; button_text_color=&#8220;#ffffff&#8220; button_bg_color=&#8220;rgba(112,162,193,0.89)&#8220; button_border_width=&#8220;3px&#8220; button_border_color=&#8220;#bce4ff&#8220; button_border_radius=&#8220;8px&#8220; button_font=&#8220;||||||||&#8220; button_icon=&#8220;%%24%%&#8220; custom_padding=&#8220;2px||2px||false|false&#8220; button_text_shadow_style=&#8220;preset3&#8243; button_text_shadow_blur_strength=&#8220;0.1em&#8220; button_text_shadow_color=&#8220;#000000&#8243; box_shadow_style=&#8220;preset1&#8243; box_shadow_vertical=&#8220;0px&#8220; box_shadow_blur=&#8220;2px&#8220; box_shadow_spread=&#8220;2px&#8220; box_shadow_color=&#8220;#6b6b6b&#8220; button_text_color_hover=&#8220;#ffffff&#8220; button_border_color_hover=&#8220;#ffffff&#8220; button_letter_spacing_hover=&#8220;0&#8243; global_module=&#8220;1148&#8243; button_text_size__hover_enabled=&#8220;off&#8220; button_one_text_size__hover_enabled=&#8220;off&#8220; button_two_text_size__hover_enabled=&#8220;off&#8220; button_text_color__hover_enabled=&#8220;on&#8220; button_text_color__hover=&#8220;#ffffff&#8220; button_one_text_color__hover_enabled=&#8220;off&#8220; button_two_text_color__hover_enabled=&#8220;off&#8220; button_border_width__hover_enabled=&#8220;off&#8220; button_one_border_width__hover_enabled=&#8220;off&#8220; button_two_border_width__hover_enabled=&#8220;off&#8220; button_border_color__hover_enabled=&#8220;on&#8220; button_border_color__hover=&#8220;#ffffff&#8220; button_one_border_color__hover_enabled=&#8220;off&#8220; button_two_border_color__hover_enabled=&#8220;off&#8220; button_border_radius__hover_enabled=&#8220;off&#8220; button_one_border_radius__hover_enabled=&#8220;off&#8220; button_two_border_radius__hover_enabled=&#8220;off&#8220; button_letter_spacing__hover_enabled=&#8220;on&#8220; button_letter_spacing__hover=&#8220;0&#8243; button_one_letter_spacing__hover_enabled=&#8220;off&#8220; button_two_letter_spacing__hover_enabled=&#8220;off&#8220; button_bg_color__hover_enabled=&#8220;off&#8220; button_one_bg_color__hover_enabled=&#8220;off&#8220; button_two_bg_color__hover_enabled=&#8220;off&#8220;][\/et_pb_button][\/et_pb_column][et_pb_column type=&#8220;1_3&#8243; _builder_version=&#8220;4.6.1&#8243; _module_preset=&#8220;default&#8220;][et_pb_image src=&#8220;https:\/\/www.ego-3d.de\/modellbau\/wp-content\/uploads\/2020\/10\/EGO3D-Vorschau_Familienwappen_04.jpg&#8220; title_text=&#8220;EGO3D-Vorschau_Familienwappen_04&#8243; _builder_version=&#8220;4.6.1&#8243; _module_preset=&#8220;default&#8220; box_shadow_style=&#8220;preset1&#8243; box_shadow_vertical=&#8220;0px&#8220; box_shadow_blur=&#8220;10px&#8220; box_shadow_spread=&#8220;2px&#8220;][\/et_pb_image][et_pb_image src=&#8220;https:\/\/www.ego-3d.de\/modellbau\/wp-content\/uploads\/2020\/10\/EGO3D-Vorschau_Familienwappen_03.jpg&#8220; title_text=&#8220;EGO3D-Vorschau_Familienwappen_03&#8243; _builder_version=&#8220;4.6.1&#8243; _module_preset=&#8220;default&#8220; box_shadow_style=&#8220;preset1&#8243; box_shadow_vertical=&#8220;0px&#8220; box_shadow_blur=&#8220;10px&#8220; box_shadow_spread=&#8220;2px&#8220;][\/et_pb_image][et_pb_image src=&#8220;https:\/\/www.ego-3d.de\/modellbau\/wp-content\/uploads\/2020\/10\/EGO3D-Vorschau_Wappen_05.jpg&#8220; title_text=&#8220;EGO3D-Vorschau_Wappen_05&#8243; _builder_version=&#8220;4.6.1&#8243; _module_preset=&#8220;default&#8220; box_shadow_style=&#8220;preset1&#8243; box_shadow_vertical=&#8220;0px&#8220; box_shadow_blur=&#8220;10px&#8220; box_shadow_spread=&#8220;2px&#8220;][\/et_pb_image][\/et_pb_column][\/et_pb_row][\/et_pb_section]<\/p>\n","protected":false},"excerpt":{"rendered":"<p>Familienwappen &#8211; hochwertige Reliefs mit StilVon Links: Die Vorlage eines Familienwappens, das digitale Vorschaubild von vorne und aus perspektivischer Ansicht und das fertig gefr\u00e4ste Modell f\u00fcr den GussEGO3D ist ein Dienstleister f\u00fcr k\u00fcnstlerischen Modellbau und digitale Modellierung. Wir sind unter anderem auf Reliefs aller Art spezialisiert. Als Relief l\u00e4sst sich ein Familienwappen besonders sch\u00f6n in [&hellip;]<\/p>\n","protected":false},"author":1,"featured_media":0,"parent":0,"menu_order":0,"comment_status":"closed","ping_status":"closed","template":"","meta":{"_et_pb_use_builder":"on","_et_pb_old_content":"","_et_gb_content_width":""},"_links":{"self":[{"href":"https:\/\/www.ego-3d.de\/modellbau\/wp-json\/wp\/v2\/pages\/2375"}],"collection":[{"href":"https:\/\/www.ego-3d.de\/modellbau\/wp-json\/wp\/v2\/pages"}],"about":[{"href":"https:\/\/www.ego-3d.de\/modellbau\/wp-json\/wp\/v2\/types\/page"}],"author":[{"embeddable":true,"href":"https:\/\/www.ego-3d.de\/modellbau\/wp-json\/wp\/v2\/users\/1"}],"replies":[{"embeddable":true,"href":"https:\/\/www.ego-3d.de\/modellbau\/wp-json\/wp\/v2\/comments?post=2375"}],"version-history":[{"count":14,"href":"https:\/\/www.ego-3d.de\/modellbau\/wp-json\/wp\/v2\/pages\/2375\/revisions"}],"predecessor-version":[{"id":2648,"href":"https:\/\/www.ego-3d.de\/modellbau\/wp-json\/wp\/v2\/pages\/2375\/revisions\/2648"}],"wp:attachment":[{"href":"https:\/\/www.ego-3d.de\/modellbau\/wp-json\/wp\/v2\/media?parent=2375"}],"curies":[{"name":"wp","href":"https:\/\/api.w.org\/{rel}","templated":true}]}}