{"id":22,"date":"2018-07-23T15:55:26","date_gmt":"2018-07-23T13:55:26","guid":{"rendered":"http:\/\/shop.liquidpixels.eu\/ego3d\/?page_id=22"},"modified":"2020-10-15T14:56:43","modified_gmt":"2020-10-15T12:56:43","slug":"3d-modellieren","status":"publish","type":"page","link":"https:\/\/www.ego-3d.de\/modellbau\/3d-modellieren\/","title":{"rendered":"3D-Modellieren"},"content":{"rendered":"<p>[et_pb_section fb_built=&#8220;1&#8243; _builder_version=&#8220;4.6.1&#8243; background_color=&#8220;rgba(0,0,0,0)&#8220;][et_pb_row _builder_version=&#8220;3.25&#8243; background_size=&#8220;initial&#8220; background_position=&#8220;top_left&#8220; background_repeat=&#8220;repeat&#8220; custom_margin=&#8220;-10px|||&#8220;][et_pb_column type=&#8220;4_4&#8243; _builder_version=&#8220;3.25&#8243; custom_padding=&#8220;|||&#8220; custom_padding__hover=&#8220;|||&#8220;][et_pb_text _builder_version=&#8220;4.6.1&#8243;]<\/p>\n<h1 style=\"text-align: center;\"><strong>3D-Modellieren<\/strong> &#8211; unbegrenzte M\u00f6glichkeiten im digitalen Raum<\/h1>\n<p>[\/et_pb_text][\/et_pb_column][\/et_pb_row][et_pb_row column_structure=&#8220;1_3,1_3,1_3&#8243; _builder_version=&#8220;4.6.1&#8243; _module_preset=&#8220;default&#8220; background_color=&#8220;rgba(255,255,255,0.65)&#8220; custom_padding=&#8220;10px|10px|10px|10px|false|false&#8220;][et_pb_column type=&#8220;1_3&#8243; _builder_version=&#8220;4.6.1&#8243; _module_preset=&#8220;default&#8220;][et_pb_text _builder_version=&#8220;4.6.1&#8243; _module_preset=&#8220;default&#8220;]<\/p>\n<h2 style=\"text-align: justify;\">Von der Vorlage zum Modell<\/h2>\n<p style=\"text-align: justify;\">Anhand von <strong>Entw\u00fcrfen<\/strong>, <strong>Zeichnungen<\/strong> oder <strong>Fotos<\/strong> k\u00f6nnen wir komplett neue Modelle erstellen oder alte Objekte rekonstruieren. Von handgro\u00dfen <strong>Miniaturen<\/strong>, \u00fcber <strong>lebensgro\u00dfe B\u00fcsten<\/strong> und Figuren bis zu 8 Meter gro\u00dfen <strong>Skulpturen<\/strong> und <strong>Reliefs<\/strong> ist alles m\u00f6glich.<\/p>\n<h2 style=\"text-align: justify;\"><strong>Schritt 1:<\/strong> die Vorlage<\/h2>\n<p style=\"text-align: justify;\">Sie schicken uns Ihre Vorlage. Das kann ein Foto sein, eine Zeichnung oder ein Entwurf. Hochwertige Grafiken k\u00f6nnen in manchen F\u00e4llen unsere Arbeit erleichtern, sind jedoch keine Voraussetzung. Selbst einfache Skizzen oder ein einziges verbliebenes Foto k\u00f6nnen in ein beeindruckendes Modell verwandelt werden, wie die Beispiele auf dieser Seite und unter den anderen Men\u00fcpunkten zeigen.<\/p>\n<p>[\/et_pb_text][et_pb_image src=&#8220;https:\/\/www.ego-3d.de\/modellbau\/wp-content\/uploads\/2019\/02\/EGO3D-Arbeitsplatz.jpg&#8220; show_bottom_space=&#8220;off&#8220; align_tablet=&#8220;center&#8220; align_phone=&#8220;&#8220; align_last_edited=&#8220;on|desktop&#8220; _builder_version=&#8220;3.23&#8243; custom_margin=&#8220;||15px||false|false&#8220; box_shadow_style=&#8220;preset1&#8243; box_shadow_blur=&#8220;10px&#8220;][\/et_pb_image][et_pb_text _builder_version=&#8220;4.6.1&#8243;]<\/p>\n<p style=\"text-align: justify;\">Detailierte Geb\u00e4ude f\u00fcr ein Stadtmodell (Blindentastmodell) entstehen<\/p>\n<p>[\/et_pb_text][\/et_pb_column][et_pb_column type=&#8220;1_3&#8243; _builder_version=&#8220;4.6.1&#8243; _module_preset=&#8220;default&#8220;][et_pb_image src=&#8220;https:\/\/www.ego-3d.de\/modellbau\/wp-content\/uploads\/2019\/02\/Oskarm\u00e4nnchen.jpg&#8220; show_bottom_space=&#8220;off&#8220; align_tablet=&#8220;center&#8220; align_phone=&#8220;&#8220; align_last_edited=&#8220;on|desktop&#8220; _builder_version=&#8220;4.6.1&#8243; custom_margin=&#8220;||15px||false|false&#8220; box_shadow_style=&#8220;preset1&#8243; box_shadow_blur=&#8220;10px&#8220;][\/et_pb_image][et_pb_text _builder_version=&#8220;4.6.1&#8243;]<\/p>\n<p style=\"text-align: justify;\">Eine zeichnerischer Vorlage und das EGO3D-Modell<\/p>\n<p>[\/et_pb_text][et_pb_image src=&#8220;https:\/\/www.ego-3d.de\/modellbau\/wp-content\/uploads\/2019\/02\/EGO3D_Rekonstruktion_Rathaus_Wesel.jpg&#8220; show_bottom_space=&#8220;off&#8220; align_tablet=&#8220;center&#8220; align_phone=&#8220;&#8220; align_last_edited=&#8220;on|desktop&#8220; _builder_version=&#8220;3.23&#8243; custom_margin=&#8220;||15px||false|false&#8220; box_shadow_style=&#8220;preset1&#8243; box_shadow_blur=&#8220;10px&#8220;][\/et_pb_image][et_pb_text _builder_version=&#8220;4.6.1&#8243;]<\/p>\n<p style=\"text-align: justify;\">Letztes verbliebenes Foto und daneben das EGO3D-Modell<\/p>\n<p>[\/et_pb_text][\/et_pb_column][et_pb_column type=&#8220;1_3&#8243; _builder_version=&#8220;4.6.1&#8243; _module_preset=&#8220;default&#8220;][et_pb_text _builder_version=&#8220;4.6.1&#8243; _module_preset=&#8220;default&#8220;]<\/p>\n<h2 style=\"text-align: justify;\"><strong>Schritt 2:<\/strong><\/h2>\n<h2 style=\"text-align: justify;\">Modellierung und Vorschau<\/h2>\n<p style=\"text-align: justify;\">Mit Hilfe des Computers und modernen 3D-Programmen modellieren unsere <strong>ausgebildeten K\u00fcnstler<\/strong> aus Ihrer Vorlage ein hochwertiges Modell. Nachdem wir mit dem Modellieren fertig sind, schicken wir Ihnen <strong>Vorschaubilder<\/strong> aus mehreren Perspektiven! Jetzt k\u00f6nnen Sie in aller Ruhe das Ergebnis begutachten und gegebenenfalls \u00c4nderungsw\u00fcnsche \u00e4u\u00dfern. Diese arbeiten wir ein und schicken Ihnen nochmals Vorschaubilder. Erst wenn Sie zufrieden sind, wird Ihr Modell gefertigt.<\/p>\n<h3 style=\"text-align: justify;\"><\/h3>\n<h2 style=\"text-align: justify;\"><strong>Schritt 3:<\/strong><\/h2>\n<h2 style=\"text-align: justify;\">Freigabe und Fertigung<\/h2>\n<p style=\"text-align: justify;\">Sobald Sie uns die Freigabe erteilt haben, beginnen wir mit der eigentlichen Fertigung ihres Modells. Mit unseren Maschinenpark aus unterschiedlichsten <strong>3D-Drucksystemen<\/strong> und <strong>CNC-Fr\u00e4sen<\/strong> k\u00f6nnen wir auf Ihre individuellen W\u00fcnsche eingehen und Ihr Modell in zahlreichen Materialien und nahezu allen Gr\u00f6\u00dfen fertigen.<\/p>\n<p style=\"text-align: justify;\">Und was k\u00f6nnen wir f\u00fcr Ihr Projekt tun? Eine Anfrage lohnt sich immer:<\/p>\n<p>[\/et_pb_text][et_pb_button button_url=&#8220;https:\/\/www.ego-3d.de\/modellbau\/kontakt\/&#8220; button_text=&#8220;Individuelle Anfrage&#8220; button_alignment=&#8220;center&#8220; _builder_version=&#8220;4.6.1&#8243; custom_button=&#8220;on&#8220; button_text_size=&#8220;18px&#8220; button_text_color=&#8220;#ffffff&#8220; button_bg_color=&#8220;rgba(112,162,193,0.89)&#8220; button_border_width=&#8220;3px&#8220; button_border_color=&#8220;#bce4ff&#8220; button_border_radius=&#8220;8px&#8220; button_font=&#8220;||||||||&#8220; button_icon=&#8220;%%24%%&#8220; custom_padding=&#8220;2px||2px||false|false&#8220; button_text_shadow_style=&#8220;preset3&#8243; button_text_shadow_blur_strength=&#8220;0.1em&#8220; button_text_shadow_color=&#8220;#000000&#8243; box_shadow_style=&#8220;preset1&#8243; box_shadow_vertical=&#8220;0px&#8220; box_shadow_blur=&#8220;2px&#8220; box_shadow_spread=&#8220;2px&#8220; box_shadow_color=&#8220;#6b6b6b&#8220; button_text_color_hover=&#8220;#ffffff&#8220; button_border_color_hover=&#8220;#ffffff&#8220; button_letter_spacing_hover=&#8220;0&#8243; global_module=&#8220;1148&#8243; button_text_size__hover_enabled=&#8220;off&#8220; button_one_text_size__hover_enabled=&#8220;off&#8220; button_two_text_size__hover_enabled=&#8220;off&#8220; button_text_color__hover_enabled=&#8220;on&#8220; button_text_color__hover=&#8220;#ffffff&#8220; button_one_text_color__hover_enabled=&#8220;off&#8220; button_two_text_color__hover_enabled=&#8220;off&#8220; button_border_width__hover_enabled=&#8220;off&#8220; button_one_border_width__hover_enabled=&#8220;off&#8220; button_two_border_width__hover_enabled=&#8220;off&#8220; button_border_color__hover_enabled=&#8220;on&#8220; button_border_color__hover=&#8220;#ffffff&#8220; button_one_border_color__hover_enabled=&#8220;off&#8220; button_two_border_color__hover_enabled=&#8220;off&#8220; button_border_radius__hover_enabled=&#8220;off&#8220; button_one_border_radius__hover_enabled=&#8220;off&#8220; button_two_border_radius__hover_enabled=&#8220;off&#8220; button_letter_spacing__hover_enabled=&#8220;on&#8220; button_letter_spacing__hover=&#8220;0&#8243; button_one_letter_spacing__hover_enabled=&#8220;off&#8220; button_two_letter_spacing__hover_enabled=&#8220;off&#8220; button_bg_color__hover_enabled=&#8220;off&#8220; button_one_bg_color__hover_enabled=&#8220;off&#8220; button_two_bg_color__hover_enabled=&#8220;off&#8220;][\/et_pb_button][\/et_pb_column][\/et_pb_row][\/et_pb_section]<\/p>\n","protected":false},"excerpt":{"rendered":"<p>3D-Modellieren &#8211; unbegrenzte M\u00f6glichkeiten im digitalen RaumVon der Vorlage zum Modell Anhand von Entw\u00fcrfen, Zeichnungen oder Fotos k\u00f6nnen wir komplett neue Modelle erstellen oder alte Objekte rekonstruieren. Von handgro\u00dfen Miniaturen, \u00fcber lebensgro\u00dfe B\u00fcsten und Figuren bis zu 8 Meter gro\u00dfen Skulpturen und Reliefs ist alles m\u00f6glich. Schritt 1: die Vorlage Sie schicken uns Ihre Vorlage. [&hellip;]<\/p>\n","protected":false},"author":1,"featured_media":0,"parent":0,"menu_order":0,"comment_status":"closed","ping_status":"closed","template":"","meta":{"_et_pb_use_builder":"on","_et_pb_old_content":"","_et_gb_content_width":""},"_links":{"self":[{"href":"https:\/\/www.ego-3d.de\/modellbau\/wp-json\/wp\/v2\/pages\/22"}],"collection":[{"href":"https:\/\/www.ego-3d.de\/modellbau\/wp-json\/wp\/v2\/pages"}],"about":[{"href":"https:\/\/www.ego-3d.de\/modellbau\/wp-json\/wp\/v2\/types\/page"}],"author":[{"embeddable":true,"href":"https:\/\/www.ego-3d.de\/modellbau\/wp-json\/wp\/v2\/users\/1"}],"replies":[{"embeddable":true,"href":"https:\/\/www.ego-3d.de\/modellbau\/wp-json\/wp\/v2\/comments?post=22"}],"version-history":[{"count":27,"href":"https:\/\/www.ego-3d.de\/modellbau\/wp-json\/wp\/v2\/pages\/22\/revisions"}],"predecessor-version":[{"id":2450,"href":"https:\/\/www.ego-3d.de\/modellbau\/wp-json\/wp\/v2\/pages\/22\/revisions\/2450"}],"wp:attachment":[{"href":"https:\/\/www.ego-3d.de\/modellbau\/wp-json\/wp\/v2\/media?parent=22"}],"curies":[{"name":"wp","href":"https:\/\/api.w.org\/{rel}","templated":true}]}}